{"id":2462,"date":"2023-10-20T10:59:54","date_gmt":"2023-10-20T10:59:54","guid":{"rendered":"https:\/\/avanzate.es\/aps-scf\/"},"modified":"2025-05-16T08:59:48","modified_gmt":"2025-05-16T08:59:48","slug":"aps-scf","status":"publish","type":"page","link":"https:\/\/avanzate.es\/pt-pt\/aps-scf\/","title":{"rendered":"APS SCF"},"content":{"rendered":"\t\t<div data-elementor-type=\"wp-page\" data-elementor-id=\"2462\" class=\"elementor elementor-2462 elementor-1083\">\n\t\t\t\t\t\t<section class=\"elementor-section elementor-top-section elementor-element elementor-element-69f28a8 elementor-section-boxed elementor-section-height-default elementor-section-height-default sc_gradient_animation_none sc_fly_static\" data-id=\"69f28a8\" data-element_type=\"section\" data-settings=\"{&quot;background_background&quot;:&quot;gradient&quot;}\">\n\t\t\t\t\t\t\t<div class=\"elementor-background-overlay\"><\/div>\n\t\t\t\t\t\t\t<div class=\"elementor-container elementor-column-gap-extended\">\n\t\t\t\t\t<div class=\"elementor-column elementor-col-100 elementor-top-column elementor-element elementor-element-c71e45b sc_inner_width_none sc_content_align_inherit sc_layouts_column_icons_position_left sc_fly_static\" data-id=\"c71e45b\" data-element_type=\"column\">\n\t\t\t<div class=\"elementor-widget-wrap elementor-element-populated\">\n\t\t\t\t\t\t<div class=\"elementor-element elementor-element-e37a6c0 sc_fly_static elementor-widget elementor-widget-trx_sc_title\" data-id=\"e37a6c0\" data-element_type=\"widget\" data-widget_type=\"trx_sc_title.default\">\n\t\t\t\t<div class=\"elementor-widget-container\">\n\t\t\t\t\t<div\t\tclass=\"sc_title sc_title_default\" ><h1 class=\"sc_item_title sc_title_title sc_align_center sc_item_title_style_default sc_item_title_tag trx_addons_inline_5819540\"\n\t\t\t><span class=\"sc_item_title_text\">APS SCF<\/span><\/h1><\/div>\t\t\t\t<\/div>\n\t\t\t\t<\/div>\n\t\t\t\t\t<\/div>\n\t\t<\/div>\n\t\t\t\t\t<\/div>\n\t\t<\/section>\n\t\t\t\t<section class=\"elementor-section elementor-top-section elementor-element elementor-element-f1b96df elementor-section-boxed elementor-section-height-default elementor-section-height-default sc_fly_static\" data-id=\"f1b96df\" data-element_type=\"section\">\n\t\t\t\t\t\t<div class=\"elementor-container elementor-column-gap-extended\">\n\t\t\t\t\t<div class=\"elementor-column elementor-col-50 elementor-top-column elementor-element elementor-element-7bf4b63e sc_inner_width_none sc_content_align_inherit sc_layouts_column_icons_position_left sc_fly_static\" data-id=\"7bf4b63e\" data-element_type=\"column\">\n\t\t\t<div class=\"elementor-widget-wrap elementor-element-populated\">\n\t\t\t\t\t\t<div class=\"elementor-element elementor-element-2800a88c sc_fly_static elementor-widget elementor-widget-text-editor\" data-id=\"2800a88c\" data-element_type=\"widget\" data-widget_type=\"text-editor.default\">\n\t\t\t\t<div class=\"elementor-widget-container\">\n\t\t\t\t\t\t\t\t\t<h2 style=\"text-align: justify;\">O que \u00e9 o sistema APS SFC?<\/h2><p style=\"text-align: justify;\">O sistema APS SFC \u00e9 um software simples, mas muito eficaz, concebido para<b>otimizar e reduzir o desperd\u00edcio<\/b> na \u00e1rea de serragem a frio, posicionando automaticamente a veda\u00e7\u00e3o da serra em rela\u00e7\u00e3o \u00e0 ordem de corte pelos operadores da serra.<br>Com este sistema, poder\u00e1s:<br>&#8211; <strong>Reduzir o<\/strong> desperd\u00edcio: Ao evitar completamente o erro humano, reduzimos o desperd\u00edcio na serra a frio, optimizando os nossos processos e melhorando a qualidade do nosso sistema de produ\u00e7\u00e3o.<br>&#8211; <strong>Poupan\u00e7a de custos<\/strong>: com este sistema simples, poupamos energia, produto bruto e custos de pessoal.<br>&#8211; <strong>Redu\u00e7\u00e3o da pegada de carbono<\/strong>: Ao aplicar esta aprendizagem autom\u00e1tica, conseguimos reduzir as emiss\u00f5es de CO2 do fabrico do produto e recicl\u00e1-lo novamente, aumentando assim o nosso compromisso com o ambiente.<\/p>\t\t\t\t\t\t\t\t<\/div>\n\t\t\t\t<\/div>\n\t\t\t\t\t<\/div>\n\t\t<\/div>\n\t\t\t\t<div class=\"elementor-column elementor-col-50 elementor-top-column elementor-element elementor-element-a149072 sc_inner_width_none sc_content_align_inherit sc_layouts_column_icons_position_left sc_fly_static\" data-id=\"a149072\" data-element_type=\"column\">\n\t\t\t<div class=\"elementor-widget-wrap elementor-element-populated\">\n\t\t\t\t\t\t<div class=\"elementor-element elementor-element-c7b1f61 sc_fly_static elementor-widget elementor-widget-spacer\" data-id=\"c7b1f61\" data-element_type=\"widget\" data-widget_type=\"spacer.default\">\n\t\t\t\t<div class=\"elementor-widget-container\">\n\t\t\t\t\t\t\t<div class=\"elementor-spacer\">\n\t\t\t<div class=\"elementor-spacer-inner\"><\/div>\n\t\t<\/div>\n\t\t\t\t\t\t<\/div>\n\t\t\t\t<\/div>\n\t\t\t\t<div class=\"elementor-element elementor-element-73540bf sc_fly_static elementor-widget elementor-widget-image\" data-id=\"73540bf\" data-element_type=\"widget\" data-widget_type=\"image.default\">\n\t\t\t\t<div class=\"elementor-widget-container\">\n\t\t\t\t\t\t\t\t\t\t\t\t\t\t\t<img fetchpriority=\"high\" decoding=\"async\" width=\"1024\" height=\"683\" src=\"https:\/\/avanzate.es\/wp-content\/uploads\/2024\/03\/Sierra-de-corte-frio-sistema-APS-SCF-1024x683.jpg\" class=\"attachment-large size-large wp-image-1708\" alt=\"Sistema APS SCF destinado a sierras de corte fr\u00edo para reducir costes y chatarra\" srcset=\"https:\/\/avanzate.es\/wp-content\/uploads\/2024\/03\/Sierra-de-corte-frio-sistema-APS-SCF-1024x683.jpg 1024w, https:\/\/avanzate.es\/wp-content\/uploads\/2024\/03\/Sierra-de-corte-frio-sistema-APS-SCF-300x200.jpg 300w, https:\/\/avanzate.es\/wp-content\/uploads\/2024\/03\/Sierra-de-corte-frio-sistema-APS-SCF-768x512.jpg 768w, https:\/\/avanzate.es\/wp-content\/uploads\/2024\/03\/Sierra-de-corte-frio-sistema-APS-SCF-1536x1024.jpg 1536w, https:\/\/avanzate.es\/wp-content\/uploads\/2024\/03\/Sierra-de-corte-frio-sistema-APS-SCF-2048x1365.jpg 2048w, https:\/\/avanzate.es\/wp-content\/uploads\/2024\/03\/Sierra-de-corte-frio-sistema-APS-SCF-370x247.jpg 370w, https:\/\/avanzate.es\/wp-content\/uploads\/2024\/03\/Sierra-de-corte-frio-sistema-APS-SCF-840x560.jpg 840w, https:\/\/avanzate.es\/wp-content\/uploads\/2024\/03\/Sierra-de-corte-frio-sistema-APS-SCF-410x273.jpg 410w\" sizes=\"(max-width: 1024px) 100vw, 1024px\" \/>\t\t\t\t\t\t\t\t\t\t\t\t\t\t\t<\/div>\n\t\t\t\t<\/div>\n\t\t\t\t\t<\/div>\n\t\t<\/div>\n\t\t\t\t\t<\/div>\n\t\t<\/section>\n\t\t\t\t<section class=\"elementor-section elementor-top-section elementor-element elementor-element-9a3110f elementor-section-boxed elementor-section-height-default elementor-section-height-default sc_fly_static\" data-id=\"9a3110f\" data-element_type=\"section\">\n\t\t\t\t\t\t<div class=\"elementor-container elementor-column-gap-extended\">\n\t\t\t\t\t<div class=\"elementor-column elementor-col-100 elementor-top-column elementor-element elementor-element-b10c3c9 sc_inner_width_none sc_content_align_inherit sc_layouts_column_icons_position_left sc_fly_static\" data-id=\"b10c3c9\" data-element_type=\"column\">\n\t\t\t<div class=\"elementor-widget-wrap elementor-element-populated\">\n\t\t\t\t\t\t<div class=\"elementor-element elementor-element-9688b7f sc_fly_static elementor-widget elementor-widget-text-editor\" data-id=\"9688b7f\" data-element_type=\"widget\" data-widget_type=\"text-editor.default\">\n\t\t\t\t<div class=\"elementor-widget-container\">\n\t\t\t\t\t\t\t\t\t<h2 style=\"text-align: center;\">Perguntas frequentes<\/h2>\t\t\t\t\t\t\t\t<\/div>\n\t\t\t\t<\/div>\n\t\t\t\t<div class=\"elementor-element elementor-element-f5ca432 sc_fly_static elementor-widget elementor-widget-accordion\" data-id=\"f5ca432\" data-element_type=\"widget\" data-widget_type=\"accordion.default\">\n\t\t\t\t<div class=\"elementor-widget-container\">\n\t\t\t\t\t\t\t<div class=\"elementor-accordion\">\n\t\t\t\t\t\t\t<div class=\"elementor-accordion-item\">\n\t\t\t\t\t<h3 id=\"elementor-tab-title-2571\" class=\"elementor-tab-title\" data-tab=\"1\" role=\"button\" aria-controls=\"elementor-tab-content-2571\" aria-expanded=\"false\">\n\t\t\t\t\t\t\t\t\t\t\t\t\t<span class=\"elementor-accordion-icon elementor-accordion-icon-left\" aria-hidden=\"true\">\n\t\t\t\t\t\t\t\t\t\t\t\t\t\t\t<span class=\"elementor-accordion-icon-closed\"><i class=\"fas fa-plus\"><\/i><\/span>\n\t\t\t\t\t\t\t\t<span class=\"elementor-accordion-icon-opened\"><i class=\"fas fa-minus\"><\/i><\/span>\n\t\t\t\t\t\t\t\t\t\t\t\t\t\t<\/span>\n\t\t\t\t\t\t\t\t\t\t\t\t<a class=\"elementor-accordion-title\" tabindex=\"0\">O que \u00e9 o sistema APS SCF?<\/a>\n\t\t\t\t\t<\/h3>\n\t\t\t\t\t<div id=\"elementor-tab-content-2571\" class=\"elementor-tab-content elementor-clearfix\" data-tab=\"1\" role=\"region\" aria-labelledby=\"elementor-tab-title-2571\"><p>Trata-se de uma ferramenta de software que combina a funcionalidade de um Sistema Avan\u00e7ado de Planeamento e Programa\u00e7\u00e3o (APS) com a versatilidade da Funcionalidade de Capacidade de Servi\u00e7o (SCF), concebida para otimizar o planeamento e a programa\u00e7\u00e3o da produ\u00e7\u00e3o na Ind\u00fastria 4.0.<\/p>\n<\/div>\n\t\t\t\t<\/div>\n\t\t\t\t\t\t\t<div class=\"elementor-accordion-item\">\n\t\t\t\t\t<h3 id=\"elementor-tab-title-2572\" class=\"elementor-tab-title\" data-tab=\"2\" role=\"button\" aria-controls=\"elementor-tab-content-2572\" aria-expanded=\"false\">\n\t\t\t\t\t\t\t\t\t\t\t\t\t<span class=\"elementor-accordion-icon elementor-accordion-icon-left\" aria-hidden=\"true\">\n\t\t\t\t\t\t\t\t\t\t\t\t\t\t\t<span class=\"elementor-accordion-icon-closed\"><i class=\"fas fa-plus\"><\/i><\/span>\n\t\t\t\t\t\t\t\t<span class=\"elementor-accordion-icon-opened\"><i class=\"fas fa-minus\"><\/i><\/span>\n\t\t\t\t\t\t\t\t\t\t\t\t\t\t<\/span>\n\t\t\t\t\t\t\t\t\t\t\t\t<a class=\"elementor-accordion-title\" tabindex=\"0\">Como \u00e9 que o sistema APS SCF pode ajudar a melhorar o desempenho da minha empresa?  <\/a>\n\t\t\t\t\t<\/h3>\n\t\t\t\t\t<div id=\"elementor-tab-content-2572\" class=\"elementor-tab-content elementor-clearfix\" data-tab=\"2\" role=\"region\" aria-labelledby=\"elementor-tab-title-2572\"><p>O sistema APS SCF utiliza algoritmos avan\u00e7ados para maximizar a efici\u00eancia das opera\u00e7\u00f5es de fabrico, melhorando a produtividade, reduzindo os tempos de produ\u00e7\u00e3o e aumentando a capacidade de resposta \u00e0 procura do mercado.<\/p>\n<\/div>\n\t\t\t\t<\/div>\n\t\t\t\t\t\t\t<div class=\"elementor-accordion-item\">\n\t\t\t\t\t<h3 id=\"elementor-tab-title-2573\" class=\"elementor-tab-title\" data-tab=\"3\" role=\"button\" aria-controls=\"elementor-tab-content-2573\" aria-expanded=\"false\">\n\t\t\t\t\t\t\t\t\t\t\t\t\t<span class=\"elementor-accordion-icon elementor-accordion-icon-left\" aria-hidden=\"true\">\n\t\t\t\t\t\t\t\t\t\t\t\t\t\t\t<span class=\"elementor-accordion-icon-closed\"><i class=\"fas fa-plus\"><\/i><\/span>\n\t\t\t\t\t\t\t\t<span class=\"elementor-accordion-icon-opened\"><i class=\"fas fa-minus\"><\/i><\/span>\n\t\t\t\t\t\t\t\t\t\t\t\t\t\t<\/span>\n\t\t\t\t\t\t\t\t\t\t\t\t<a class=\"elementor-accordion-title\" tabindex=\"0\">\u00c9 compat\u00edvel com outros sistemas de gest\u00e3o?<\/a>\n\t\t\t\t\t<\/h3>\n\t\t\t\t\t<div id=\"elementor-tab-content-2573\" class=\"elementor-tab-content elementor-clearfix\" data-tab=\"3\" role=\"region\" aria-labelledby=\"elementor-tab-title-2573\"><p>Sim, o Sistema APS SCF foi concebido para ser facilmente integrado com outros sistemas de gest\u00e3o empresarial, tais como ERP (Enterprise Resource Planning), MES (Manufacturing Execution System) e CRM (Customer Relationship Management), garantindo uma gest\u00e3o global e eficiente da empresa.<\/p>\n<\/div>\n\t\t\t\t<\/div>\n\t\t\t\t\t\t\t<div class=\"elementor-accordion-item\">\n\t\t\t\t\t<h3 id=\"elementor-tab-title-2574\" class=\"elementor-tab-title\" data-tab=\"4\" role=\"button\" aria-controls=\"elementor-tab-content-2574\" aria-expanded=\"false\">\n\t\t\t\t\t\t\t\t\t\t\t\t\t<span class=\"elementor-accordion-icon elementor-accordion-icon-left\" aria-hidden=\"true\">\n\t\t\t\t\t\t\t\t\t\t\t\t\t\t\t<span class=\"elementor-accordion-icon-closed\"><i class=\"fas fa-plus\"><\/i><\/span>\n\t\t\t\t\t\t\t\t<span class=\"elementor-accordion-icon-opened\"><i class=\"fas fa-minus\"><\/i><\/span>\n\t\t\t\t\t\t\t\t\t\t\t\t\t\t<\/span>\n\t\t\t\t\t\t\t\t\t\t\t\t<a class=\"elementor-accordion-title\" tabindex=\"0\">Quais s\u00e3o os requisitos para que a minha f\u00e1brica possa implementar o APS SCF?<\/a>\n\t\t\t\t\t<\/h3>\n\t\t\t\t\t<div id=\"elementor-tab-content-2574\" class=\"elementor-tab-content elementor-clearfix\" data-tab=\"4\" role=\"region\" aria-labelledby=\"elementor-tab-title-2574\"><p>S\u00f3 \u00e9 necess\u00e1rio que o PLC da <strong>serra a frio <\/strong>tenha uma liga\u00e7\u00e3o Ethernet e esteja ligado em rede com os outros controladores.<\/p>\n<\/div>\n\t\t\t\t<\/div>\n\t\t\t\t\t\t\t<div class=\"elementor-accordion-item\">\n\t\t\t\t\t<h3 id=\"elementor-tab-title-2575\" class=\"elementor-tab-title\" data-tab=\"5\" role=\"button\" aria-controls=\"elementor-tab-content-2575\" aria-expanded=\"false\">\n\t\t\t\t\t\t\t\t\t\t\t\t\t<span class=\"elementor-accordion-icon elementor-accordion-icon-left\" aria-hidden=\"true\">\n\t\t\t\t\t\t\t\t\t\t\t\t\t\t\t<span class=\"elementor-accordion-icon-closed\"><i class=\"fas fa-plus\"><\/i><\/span>\n\t\t\t\t\t\t\t\t<span class=\"elementor-accordion-icon-opened\"><i class=\"fas fa-minus\"><\/i><\/span>\n\t\t\t\t\t\t\t\t\t\t\t\t\t\t<\/span>\n\t\t\t\t\t\t\t\t\t\t\t\t<a class=\"elementor-accordion-title\" tabindex=\"0\">O sistema APS SCF oferece ferramentas de an\u00e1lise e de elabora\u00e7\u00e3o de relat\u00f3rios?<\/a>\n\t\t\t\t\t<\/h3>\n\t\t\t\t\t<div id=\"elementor-tab-content-2575\" class=\"elementor-tab-content elementor-clearfix\" data-tab=\"5\" role=\"region\" aria-labelledby=\"elementor-tab-title-2575\"><p>Sim, fornece ferramentas avan\u00e7adas de an\u00e1lise de dados e de elabora\u00e7\u00e3o de relat\u00f3rios que permitem aos utilizadores obter informa\u00e7\u00f5es detalhadas sobre o desempenho da produ\u00e7\u00e3o, identificar \u00e1reas a melhorar e tomar decis\u00f5es informadas para otimizar as opera\u00e7\u00f5es.<\/p>\n<\/div>\n\t\t\t\t<\/div>\n\t\t\t\t\t\t\t\t<\/div>\n\t\t\t\t\t\t<\/div>\n\t\t\t\t<\/div>\n\t\t\t\t\t<\/div>\n\t\t<\/div>\n\t\t\t\t\t<\/div>\n\t\t<\/section>\n\t\t\t\t<\/div>\n\t\t","protected":false},"excerpt":{"rendered":"<p>APS SCF O que \u00e9 o sistema APS SFC? O sistema APS SFC \u00e9 um software simples, mas muito eficaz, concebido paraotimizar e reduzir o desperd\u00edcio na \u00e1rea de serragem&hellip;<\/p>\n","protected":false},"author":2,"featured_media":0,"parent":0,"menu_order":0,"comment_status":"closed","ping_status":"closed","template":"","meta":{"_joinchat":[],"footnotes":""},"class_list":["post-2462","page","type-page","status-publish","hentry"],"yoast_head":"<!-- This site is optimized with the Yoast SEO plugin v27.5 - https:\/\/yoast.com\/product\/yoast-seo-wordpress\/ -->\n<title>APS SCF - Avanzate<\/title>\n<meta name=\"description\" content=\"O APS SCF \u00e9 um sistema concebido para otimizar e reduzir os res\u00edduos na zona de corte a frio para reduzir os custos e a pegada de carbono.\" \/>\n<meta name=\"robots\" content=\"index, follow, max-snippet:-1, max-image-preview:large, max-video-preview:-1\" \/>\n<link rel=\"canonical\" href=\"https:\/\/avanzate.es\/pt-pt\/aps-scf\/\" \/>\n<meta property=\"og:locale\" content=\"pt_PT\" \/>\n<meta property=\"og:type\" content=\"article\" \/>\n<meta property=\"og:title\" content=\"APS SCF - Avanzate\" \/>\n<meta property=\"og:description\" content=\"O APS SCF \u00e9 um sistema concebido para otimizar e reduzir os res\u00edduos na zona de corte a frio para reduzir os custos e a pegada de carbono.\" \/>\n<meta property=\"og:url\" content=\"https:\/\/avanzate.es\/pt-pt\/aps-scf\/\" \/>\n<meta property=\"og:site_name\" content=\"Avanzate\" \/>\n<meta property=\"article:modified_time\" content=\"2025-05-16T08:59:48+00:00\" \/>\n<meta property=\"og:image\" content=\"https:\/\/avanzate.es\/wp-content\/uploads\/2024\/03\/Sierra-de-corte-frio-sistema-APS-SCF-scaled.jpg\" \/>\n\t<meta property=\"og:image:width\" content=\"2560\" \/>\n\t<meta property=\"og:image:height\" content=\"1707\" \/>\n\t<meta property=\"og:image:type\" content=\"image\/jpeg\" \/>\n<meta name=\"twitter:card\" content=\"summary_large_image\" \/>\n<meta name=\"twitter:label1\" content=\"Tempo estimado de leitura\" \/>\n\t<meta name=\"twitter:data1\" content=\"3 minutos\" \/>\n<script type=\"application\/ld+json\" class=\"yoast-schema-graph\">{\"@context\":\"https:\\\/\\\/schema.org\",\"@graph\":[{\"@type\":\"WebPage\",\"@id\":\"https:\\\/\\\/avanzate.es\\\/pt-pt\\\/aps-scf\\\/\",\"url\":\"https:\\\/\\\/avanzate.es\\\/pt-pt\\\/aps-scf\\\/\",\"name\":\"APS SCF - Avanzate\",\"isPartOf\":{\"@id\":\"https:\\\/\\\/avanzate.es\\\/pt-pt\\\/#website\"},\"primaryImageOfPage\":{\"@id\":\"https:\\\/\\\/avanzate.es\\\/pt-pt\\\/aps-scf\\\/#primaryimage\"},\"image\":{\"@id\":\"https:\\\/\\\/avanzate.es\\\/pt-pt\\\/aps-scf\\\/#primaryimage\"},\"thumbnailUrl\":\"https:\\\/\\\/avanzate.es\\\/wp-content\\\/uploads\\\/2024\\\/03\\\/Sierra-de-corte-frio-sistema-APS-SCF-1024x683.jpg\",\"datePublished\":\"2023-10-20T10:59:54+00:00\",\"dateModified\":\"2025-05-16T08:59:48+00:00\",\"description\":\"O APS SCF \u00e9 um sistema concebido para otimizar e reduzir os res\u00edduos na zona de corte a frio para reduzir os custos e a pegada de carbono.\",\"breadcrumb\":{\"@id\":\"https:\\\/\\\/avanzate.es\\\/pt-pt\\\/aps-scf\\\/#breadcrumb\"},\"inLanguage\":\"pt-PT\",\"potentialAction\":[{\"@type\":\"ReadAction\",\"target\":[\"https:\\\/\\\/avanzate.es\\\/pt-pt\\\/aps-scf\\\/\"]}]},{\"@type\":\"ImageObject\",\"inLanguage\":\"pt-PT\",\"@id\":\"https:\\\/\\\/avanzate.es\\\/pt-pt\\\/aps-scf\\\/#primaryimage\",\"url\":\"https:\\\/\\\/avanzate.es\\\/wp-content\\\/uploads\\\/2024\\\/03\\\/Sierra-de-corte-frio-sistema-APS-SCF-1024x683.jpg\",\"contentUrl\":\"https:\\\/\\\/avanzate.es\\\/wp-content\\\/uploads\\\/2024\\\/03\\\/Sierra-de-corte-frio-sistema-APS-SCF-1024x683.jpg\"},{\"@type\":\"BreadcrumbList\",\"@id\":\"https:\\\/\\\/avanzate.es\\\/pt-pt\\\/aps-scf\\\/#breadcrumb\",\"itemListElement\":[{\"@type\":\"ListItem\",\"position\":1,\"name\":\"P\u00e1gina inicial\",\"item\":\"https:\\\/\\\/avanzate.es\\\/pt-pt\\\/\"},{\"@type\":\"ListItem\",\"position\":2,\"name\":\"APS SCF\"}]},{\"@type\":\"WebSite\",\"@id\":\"https:\\\/\\\/avanzate.es\\\/pt-pt\\\/#website\",\"url\":\"https:\\\/\\\/avanzate.es\\\/pt-pt\\\/\",\"name\":\"Avanzate\",\"description\":\"Tecnolog&iacute;a Inform&aacute;tica e Industrial\",\"publisher\":{\"@id\":\"https:\\\/\\\/avanzate.es\\\/pt-pt\\\/#organization\"},\"potentialAction\":[{\"@type\":\"SearchAction\",\"target\":{\"@type\":\"EntryPoint\",\"urlTemplate\":\"https:\\\/\\\/avanzate.es\\\/pt-pt\\\/?s={search_term_string}\"},\"query-input\":{\"@type\":\"PropertyValueSpecification\",\"valueRequired\":true,\"valueName\":\"search_term_string\"}}],\"inLanguage\":\"pt-PT\"},{\"@type\":\"Organization\",\"@id\":\"https:\\\/\\\/avanzate.es\\\/pt-pt\\\/#organization\",\"name\":\"Avanzate\",\"url\":\"https:\\\/\\\/avanzate.es\\\/pt-pt\\\/\",\"logo\":{\"@type\":\"ImageObject\",\"inLanguage\":\"pt-PT\",\"@id\":\"https:\\\/\\\/avanzate.es\\\/pt-pt\\\/#\\\/schema\\\/logo\\\/image\\\/\",\"url\":\"https:\\\/\\\/avanzate.es\\\/wp-content\\\/uploads\\\/2023\\\/05\\\/avanzate-logo-transparente.png\",\"contentUrl\":\"https:\\\/\\\/avanzate.es\\\/wp-content\\\/uploads\\\/2023\\\/05\\\/avanzate-logo-transparente.png\",\"width\":857,\"height\":159,\"caption\":\"Avanzate\"},\"image\":{\"@id\":\"https:\\\/\\\/avanzate.es\\\/pt-pt\\\/#\\\/schema\\\/logo\\\/image\\\/\"}}]}<\/script>\n<!-- \/ Yoast SEO plugin. -->","yoast_head_json":{"title":"APS SCF - Avanzate","description":"O APS SCF \u00e9 um sistema concebido para otimizar e reduzir os res\u00edduos na zona de corte a frio para reduzir os custos e a pegada de carbono.","robots":{"index":"index","follow":"follow","max-snippet":"max-snippet:-1","max-image-preview":"max-image-preview:large","max-video-preview":"max-video-preview:-1"},"canonical":"https:\/\/avanzate.es\/pt-pt\/aps-scf\/","og_locale":"pt_PT","og_type":"article","og_title":"APS SCF - Avanzate","og_description":"O APS SCF \u00e9 um sistema concebido para otimizar e reduzir os res\u00edduos na zona de corte a frio para reduzir os custos e a pegada de carbono.","og_url":"https:\/\/avanzate.es\/pt-pt\/aps-scf\/","og_site_name":"Avanzate","article_modified_time":"2025-05-16T08:59:48+00:00","og_image":[{"width":2560,"height":1707,"url":"https:\/\/avanzate.es\/wp-content\/uploads\/2024\/03\/Sierra-de-corte-frio-sistema-APS-SCF-scaled.jpg","type":"image\/jpeg"}],"twitter_card":"summary_large_image","twitter_misc":{"Tempo estimado de leitura":"3 minutos"},"schema":{"@context":"https:\/\/schema.org","@graph":[{"@type":"WebPage","@id":"https:\/\/avanzate.es\/pt-pt\/aps-scf\/","url":"https:\/\/avanzate.es\/pt-pt\/aps-scf\/","name":"APS SCF - Avanzate","isPartOf":{"@id":"https:\/\/avanzate.es\/pt-pt\/#website"},"primaryImageOfPage":{"@id":"https:\/\/avanzate.es\/pt-pt\/aps-scf\/#primaryimage"},"image":{"@id":"https:\/\/avanzate.es\/pt-pt\/aps-scf\/#primaryimage"},"thumbnailUrl":"https:\/\/avanzate.es\/wp-content\/uploads\/2024\/03\/Sierra-de-corte-frio-sistema-APS-SCF-1024x683.jpg","datePublished":"2023-10-20T10:59:54+00:00","dateModified":"2025-05-16T08:59:48+00:00","description":"O APS SCF \u00e9 um sistema concebido para otimizar e reduzir os res\u00edduos na zona de corte a frio para reduzir os custos e a pegada de carbono.","breadcrumb":{"@id":"https:\/\/avanzate.es\/pt-pt\/aps-scf\/#breadcrumb"},"inLanguage":"pt-PT","potentialAction":[{"@type":"ReadAction","target":["https:\/\/avanzate.es\/pt-pt\/aps-scf\/"]}]},{"@type":"ImageObject","inLanguage":"pt-PT","@id":"https:\/\/avanzate.es\/pt-pt\/aps-scf\/#primaryimage","url":"https:\/\/avanzate.es\/wp-content\/uploads\/2024\/03\/Sierra-de-corte-frio-sistema-APS-SCF-1024x683.jpg","contentUrl":"https:\/\/avanzate.es\/wp-content\/uploads\/2024\/03\/Sierra-de-corte-frio-sistema-APS-SCF-1024x683.jpg"},{"@type":"BreadcrumbList","@id":"https:\/\/avanzate.es\/pt-pt\/aps-scf\/#breadcrumb","itemListElement":[{"@type":"ListItem","position":1,"name":"P\u00e1gina inicial","item":"https:\/\/avanzate.es\/pt-pt\/"},{"@type":"ListItem","position":2,"name":"APS SCF"}]},{"@type":"WebSite","@id":"https:\/\/avanzate.es\/pt-pt\/#website","url":"https:\/\/avanzate.es\/pt-pt\/","name":"Avanzate","description":"Tecnolog&iacute;a Inform&aacute;tica e Industrial","publisher":{"@id":"https:\/\/avanzate.es\/pt-pt\/#organization"},"potentialAction":[{"@type":"SearchAction","target":{"@type":"EntryPoint","urlTemplate":"https:\/\/avanzate.es\/pt-pt\/?s={search_term_string}"},"query-input":{"@type":"PropertyValueSpecification","valueRequired":true,"valueName":"search_term_string"}}],"inLanguage":"pt-PT"},{"@type":"Organization","@id":"https:\/\/avanzate.es\/pt-pt\/#organization","name":"Avanzate","url":"https:\/\/avanzate.es\/pt-pt\/","logo":{"@type":"ImageObject","inLanguage":"pt-PT","@id":"https:\/\/avanzate.es\/pt-pt\/#\/schema\/logo\/image\/","url":"https:\/\/avanzate.es\/wp-content\/uploads\/2023\/05\/avanzate-logo-transparente.png","contentUrl":"https:\/\/avanzate.es\/wp-content\/uploads\/2023\/05\/avanzate-logo-transparente.png","width":857,"height":159,"caption":"Avanzate"},"image":{"@id":"https:\/\/avanzate.es\/pt-pt\/#\/schema\/logo\/image\/"}}]}},"_links":{"self":[{"href":"https:\/\/avanzate.es\/pt-pt\/wp-json\/wp\/v2\/pages\/2462","targetHints":{"allow":["GET"]}}],"collection":[{"href":"https:\/\/avanzate.es\/pt-pt\/wp-json\/wp\/v2\/pages"}],"about":[{"href":"https:\/\/avanzate.es\/pt-pt\/wp-json\/wp\/v2\/types\/page"}],"author":[{"embeddable":true,"href":"https:\/\/avanzate.es\/pt-pt\/wp-json\/wp\/v2\/users\/2"}],"replies":[{"embeddable":true,"href":"https:\/\/avanzate.es\/pt-pt\/wp-json\/wp\/v2\/comments?post=2462"}],"version-history":[{"count":4,"href":"https:\/\/avanzate.es\/pt-pt\/wp-json\/wp\/v2\/pages\/2462\/revisions"}],"predecessor-version":[{"id":2717,"href":"https:\/\/avanzate.es\/pt-pt\/wp-json\/wp\/v2\/pages\/2462\/revisions\/2717"}],"wp:attachment":[{"href":"https:\/\/avanzate.es\/pt-pt\/wp-json\/wp\/v2\/media?parent=2462"}],"curies":[{"name":"wp","href":"https:\/\/api.w.org\/{rel}","templated":true}]}}