{"id":2464,"date":"2023-10-20T10:58:13","date_gmt":"2023-10-20T10:58:13","guid":{"rendered":"https:\/\/avanzate.es\/embalagem-aps\/"},"modified":"2025-05-16T09:00:27","modified_gmt":"2025-05-16T09:00:27","slug":"embalagem-aps","status":"publish","type":"page","link":"https:\/\/avanzate.es\/pt-pt\/embalagem-aps\/","title":{"rendered":"Embalagem APS"},"content":{"rendered":"\t\t<div data-elementor-type=\"wp-page\" data-elementor-id=\"2464\" class=\"elementor elementor-2464 elementor-1081\">\n\t\t\t\t\t\t<section class=\"elementor-section elementor-top-section elementor-element elementor-element-69f28a8 elementor-section-boxed elementor-section-height-default elementor-section-height-default sc_gradient_animation_none sc_fly_static\" data-id=\"69f28a8\" data-element_type=\"section\" data-settings=\"{&quot;background_background&quot;:&quot;gradient&quot;}\">\n\t\t\t\t\t\t\t<div class=\"elementor-background-overlay\"><\/div>\n\t\t\t\t\t\t\t<div class=\"elementor-container elementor-column-gap-extended\">\n\t\t\t\t\t<div class=\"elementor-column elementor-col-100 elementor-top-column elementor-element elementor-element-c71e45b sc_inner_width_none sc_content_align_inherit sc_layouts_column_icons_position_left sc_fly_static\" data-id=\"c71e45b\" data-element_type=\"column\">\n\t\t\t<div class=\"elementor-widget-wrap elementor-element-populated\">\n\t\t\t\t\t\t<div class=\"elementor-element elementor-element-e37a6c0 sc_fly_static elementor-widget elementor-widget-trx_sc_title\" data-id=\"e37a6c0\" data-element_type=\"widget\" data-widget_type=\"trx_sc_title.default\">\n\t\t\t\t<div class=\"elementor-widget-container\">\n\t\t\t\t\t<div\t\tclass=\"sc_title sc_title_default\" ><h1 class=\"sc_item_title sc_title_title sc_align_center sc_item_title_style_default sc_item_title_tag trx_addons_inline_1718687094\"\n\t\t\t><span class=\"sc_item_title_text\">Embalagem APS<\/span><\/h1><\/div>\t\t\t\t<\/div>\n\t\t\t\t<\/div>\n\t\t\t\t\t<\/div>\n\t\t<\/div>\n\t\t\t\t\t<\/div>\n\t\t<\/section>\n\t\t\t\t<section class=\"elementor-section elementor-top-section elementor-element elementor-element-f1b96df elementor-section-boxed elementor-section-height-default elementor-section-height-default sc_fly_static\" data-id=\"f1b96df\" data-element_type=\"section\">\n\t\t\t\t\t\t<div class=\"elementor-container elementor-column-gap-extended\">\n\t\t\t\t\t<div class=\"elementor-column elementor-col-100 elementor-top-column elementor-element elementor-element-7bf4b63e sc_inner_width_none sc_content_align_inherit sc_layouts_column_icons_position_left sc_fly_static\" data-id=\"7bf4b63e\" data-element_type=\"column\">\n\t\t\t<div class=\"elementor-widget-wrap elementor-element-populated\">\n\t\t\t\t\t\t<div class=\"elementor-element elementor-element-2800a88c sc_fly_static elementor-widget elementor-widget-text-editor\" data-id=\"2800a88c\" data-element_type=\"widget\" data-widget_type=\"text-editor.default\">\n\t\t\t\t<div class=\"elementor-widget-container\">\n\t\t\t\t\t\t\t\t\t<p style=\"text-align: justify;\">Na Avanzate, compreendemos a import\u00e2ncia de uma embalagem eficiente e precisa para os teus produtos. \u00c9 por isso que o APS Packaging \u00e9 uma solu\u00e7\u00e3o abrangente para a melhoria do processo no ambiente de embalagem. <\/p>\t\t\t\t\t\t\t\t<\/div>\n\t\t\t\t<\/div>\n\t\t\t\t\t<\/div>\n\t\t<\/div>\n\t\t\t\t\t<\/div>\n\t\t<\/section>\n\t\t\t\t<section class=\"elementor-section elementor-top-section elementor-element elementor-element-c8390db elementor-section-boxed elementor-section-height-default elementor-section-height-default sc_fly_static\" data-id=\"c8390db\" data-element_type=\"section\">\n\t\t\t\t\t\t<div class=\"elementor-container elementor-column-gap-extended\">\n\t\t\t\t\t<div class=\"elementor-column elementor-col-50 elementor-top-column elementor-element elementor-element-718e7ab sc_inner_width_none sc_content_align_inherit sc_layouts_column_icons_position_left sc_fly_static\" data-id=\"718e7ab\" data-element_type=\"column\">\n\t\t\t<div class=\"elementor-widget-wrap elementor-element-populated\">\n\t\t\t\t\t\t<div class=\"elementor-element elementor-element-070c1ae sc_fly_static elementor-widget elementor-widget-text-editor\" data-id=\"070c1ae\" data-element_type=\"widget\" data-widget_type=\"text-editor.default\">\n\t\t\t\t<div class=\"elementor-widget-container\">\n\t\t\t\t\t\t\t\t\t<h2 style=\"text-align: center;\">Sistema de embalagem APS<\/h2><p style=\"text-align: justify;\">O APS Packaging System \u00e9 uma solu\u00e7\u00e3o focada na <b>otimiza\u00e7\u00e3o e agiliza\u00e7\u00e3o do processo de embalagem<\/b> de produtos em ambientes industriais. Este sistema integra tecnologias de ponta para gerir eficazmente a prepara\u00e7\u00e3o, enchimento, selagem, etiquetagem e paletiza\u00e7\u00e3o dos produtos, garantindo um embalamento r\u00e1pido, preciso e uniforme. <\/p>\t\t\t\t\t\t\t\t<\/div>\n\t\t\t\t<\/div>\n\t\t\t\t<div class=\"elementor-element elementor-element-497df1f sc_fly_static elementor-widget elementor-widget-spacer\" data-id=\"497df1f\" data-element_type=\"widget\" data-widget_type=\"spacer.default\">\n\t\t\t\t<div class=\"elementor-widget-container\">\n\t\t\t\t\t\t\t<div class=\"elementor-spacer\">\n\t\t\t<div class=\"elementor-spacer-inner\"><\/div>\n\t\t<\/div>\n\t\t\t\t\t\t<\/div>\n\t\t\t\t<\/div>\n\t\t\t\t<div class=\"elementor-element elementor-element-a70c15e sc_fly_static elementor-widget elementor-widget-text-editor\" data-id=\"a70c15e\" data-element_type=\"widget\" data-widget_type=\"text-editor.default\">\n\t\t\t\t<div class=\"elementor-widget-container\">\n\t\t\t\t\t\t\t\t\t<h2 style=\"text-align: center;\">O que \u00e9 que o sistema de embalagem APS da Avanzate oferece?<\/h2><p style=\"text-align: justify;\">Com o sistema de embalagem APS da Avanzate, podes alcan\u00e7ar:<\/p><ul><li style=\"text-align: justify;\"><strong>Efici\u00eancia na embalagem:<\/strong> A nossa solu\u00e7\u00e3o automatizada simplifica o processo de embalagem, aumentando a velocidade e a precis\u00e3o da embalagem para melhorar a efici\u00eancia da tua linha de produ\u00e7\u00e3o.<\/li><li style=\"text-align: justify;\"><strong>Redu\u00e7\u00e3o de custos:<\/strong> Ao minimizar os erros de embalagem e otimizar a utiliza\u00e7\u00e3o dos materiais de embalagem, o nosso sistema ajuda a reduzir os custos operacionais e a aumentar a rentabilidade do seu neg\u00f3cio.<\/li><li style=\"text-align: justify;\"><strong>Flexibilidade e Adaptabilidade:<\/strong> O Sistema de Embalagem APS da Avanzate \u00e9 altamente configur\u00e1vel e adapt\u00e1vel a uma vasta gama de produtos e tipos de embalagem, permitindo-lhe satisfazer as necessidades espec\u00edficas do seu neg\u00f3cio.<\/li><li style=\"text-align: justify;\"><strong>Controlo total:<\/strong> Com controlos de software avan\u00e7ados, pode monitorizar e controlar todo o processo de embalagem remotamente e em tempo real, assegurando sempre o melhor desempenho.<\/li><\/ul>\t\t\t\t\t\t\t\t<\/div>\n\t\t\t\t<\/div>\n\t\t\t\t\t<\/div>\n\t\t<\/div>\n\t\t\t\t<div class=\"elementor-column elementor-col-50 elementor-top-column elementor-element elementor-element-07b19fc sc_inner_width_none sc_content_align_inherit sc_layouts_column_icons_position_left sc_fly_static\" data-id=\"07b19fc\" data-element_type=\"column\">\n\t\t\t<div class=\"elementor-widget-wrap elementor-element-populated\">\n\t\t\t\t\t\t<div class=\"elementor-element elementor-element-b166dd8 sc_fly_static elementor-widget elementor-widget-image\" data-id=\"b166dd8\" data-element_type=\"widget\" data-widget_type=\"image.default\">\n\t\t\t\t<div class=\"elementor-widget-container\">\n\t\t\t\t\t\t\t\t\t\t\t\t\t\t\t<img fetchpriority=\"high\" decoding=\"async\" width=\"683\" height=\"1024\" src=\"https:\/\/avanzate.es\/wp-content\/uploads\/2024\/03\/Sistema-de-embalaje-APS--683x1024.jpg\" class=\"attachment-large size-large wp-image-1769\" alt=\"Sistema de embalaje APS\" srcset=\"https:\/\/avanzate.es\/wp-content\/uploads\/2024\/03\/Sistema-de-embalaje-APS--683x1024.jpg 683w, https:\/\/avanzate.es\/wp-content\/uploads\/2024\/03\/Sistema-de-embalaje-APS--200x300.jpg 200w, https:\/\/avanzate.es\/wp-content\/uploads\/2024\/03\/Sistema-de-embalaje-APS--768x1152.jpg 768w, https:\/\/avanzate.es\/wp-content\/uploads\/2024\/03\/Sistema-de-embalaje-APS--1024x1536.jpg 1024w, https:\/\/avanzate.es\/wp-content\/uploads\/2024\/03\/Sistema-de-embalaje-APS--1365x2048.jpg 1365w, https:\/\/avanzate.es\/wp-content\/uploads\/2024\/03\/Sistema-de-embalaje-APS--370x555.jpg 370w, https:\/\/avanzate.es\/wp-content\/uploads\/2024\/03\/Sistema-de-embalaje-APS--840x1260.jpg 840w, https:\/\/avanzate.es\/wp-content\/uploads\/2024\/03\/Sistema-de-embalaje-APS--410x615.jpg 410w, https:\/\/avanzate.es\/wp-content\/uploads\/2024\/03\/Sistema-de-embalaje-APS--scaled.jpg 1707w\" sizes=\"(max-width: 683px) 100vw, 683px\" \/>\t\t\t\t\t\t\t\t\t\t\t\t\t\t\t<\/div>\n\t\t\t\t<\/div>\n\t\t\t\t\t<\/div>\n\t\t<\/div>\n\t\t\t\t\t<\/div>\n\t\t<\/section>\n\t\t\t\t<section class=\"elementor-section elementor-top-section elementor-element elementor-element-4ac393e elementor-section-boxed elementor-section-height-default elementor-section-height-default sc_fly_static\" data-id=\"4ac393e\" data-element_type=\"section\">\n\t\t\t\t\t\t<div class=\"elementor-container elementor-column-gap-extended\">\n\t\t\t\t\t<div class=\"elementor-column elementor-col-100 elementor-top-column elementor-element elementor-element-456a0f1 sc_inner_width_none sc_content_align_inherit sc_layouts_column_icons_position_left sc_fly_static\" data-id=\"456a0f1\" data-element_type=\"column\">\n\t\t\t<div class=\"elementor-widget-wrap elementor-element-populated\">\n\t\t\t\t\t\t<div class=\"elementor-element elementor-element-f027979 sc_fly_static elementor-widget elementor-widget-spacer\" data-id=\"f027979\" data-element_type=\"widget\" data-widget_type=\"spacer.default\">\n\t\t\t\t<div class=\"elementor-widget-container\">\n\t\t\t\t\t\t\t<div class=\"elementor-spacer\">\n\t\t\t<div class=\"elementor-spacer-inner\"><\/div>\n\t\t<\/div>\n\t\t\t\t\t\t<\/div>\n\t\t\t\t<\/div>\n\t\t\t\t\t<\/div>\n\t\t<\/div>\n\t\t\t\t\t<\/div>\n\t\t<\/section>\n\t\t\t\t<section class=\"elementor-section elementor-top-section elementor-element elementor-element-0ef7b60 elementor-section-boxed elementor-section-height-default elementor-section-height-default sc_fly_static\" data-id=\"0ef7b60\" data-element_type=\"section\">\n\t\t\t\t\t\t<div class=\"elementor-container elementor-column-gap-extended\">\n\t\t\t\t\t<div class=\"elementor-column elementor-col-100 elementor-top-column elementor-element elementor-element-889bf95 sc_inner_width_none sc_content_align_inherit sc_layouts_column_icons_position_left sc_fly_static\" data-id=\"889bf95\" data-element_type=\"column\">\n\t\t\t<div class=\"elementor-widget-wrap elementor-element-populated\">\n\t\t\t\t\t\t<div class=\"elementor-element elementor-element-1b14fbb sc_fly_static elementor-widget elementor-widget-text-editor\" data-id=\"1b14fbb\" data-element_type=\"widget\" data-widget_type=\"text-editor.default\">\n\t\t\t\t<div class=\"elementor-widget-container\">\n\t\t\t\t\t\t\t\t\t<h2>Perguntas mais frequentes<\/h2>\t\t\t\t\t\t\t\t<\/div>\n\t\t\t\t<\/div>\n\t\t\t\t\t<\/div>\n\t\t<\/div>\n\t\t\t\t\t<\/div>\n\t\t<\/section>\n\t\t\t\t<section class=\"elementor-section elementor-top-section elementor-element elementor-element-c6b4a80 elementor-section-boxed elementor-section-height-default elementor-section-height-default sc_fly_static\" data-id=\"c6b4a80\" data-element_type=\"section\">\n\t\t\t\t\t\t<div class=\"elementor-container elementor-column-gap-extended\">\n\t\t\t\t\t<div class=\"elementor-column elementor-col-100 elementor-top-column elementor-element elementor-element-cfb91e3 sc_inner_width_none sc_content_align_inherit sc_layouts_column_icons_position_left sc_fly_static\" data-id=\"cfb91e3\" data-element_type=\"column\">\n\t\t\t<div class=\"elementor-widget-wrap elementor-element-populated\">\n\t\t\t\t\t\t<div class=\"elementor-element elementor-element-21fad7c sc_fly_static elementor-widget elementor-widget-accordion\" data-id=\"21fad7c\" data-element_type=\"widget\" data-widget_type=\"accordion.default\">\n\t\t\t\t<div class=\"elementor-widget-container\">\n\t\t\t\t\t\t\t<div class=\"elementor-accordion\">\n\t\t\t\t\t\t\t<div class=\"elementor-accordion-item\">\n\t\t\t\t\t<h3 id=\"elementor-tab-title-3561\" class=\"elementor-tab-title\" data-tab=\"1\" role=\"button\" aria-controls=\"elementor-tab-content-3561\" aria-expanded=\"false\">\n\t\t\t\t\t\t\t\t\t\t\t\t\t<span class=\"elementor-accordion-icon elementor-accordion-icon-left\" aria-hidden=\"true\">\n\t\t\t\t\t\t\t\t\t\t\t\t\t\t\t<span class=\"elementor-accordion-icon-closed\"><i class=\"fas fa-plus\"><\/i><\/span>\n\t\t\t\t\t\t\t\t<span class=\"elementor-accordion-icon-opened\"><i class=\"fas fa-minus\"><\/i><\/span>\n\t\t\t\t\t\t\t\t\t\t\t\t\t\t<\/span>\n\t\t\t\t\t\t\t\t\t\t\t\t<a class=\"elementor-accordion-title\" tabindex=\"0\">Que tipo de produtos pode um sistema de embalagem APS processar?<\/a>\n\t\t\t\t\t<\/h3>\n\t\t\t\t\t<div id=\"elementor-tab-content-3561\" class=\"elementor-tab-content elementor-clearfix\" data-tab=\"1\" role=\"region\" aria-labelledby=\"elementor-tab-title-3561\"><p style=\"text-align: justify;\">Estes sistemas s\u00e3o altamente vers\u00e1teis e podem ser adaptados para lidar com uma grande variedade de produtos, tamanhos e formas, bem como diferentes tipos de embalagens.<\/p>\n<\/div>\n\t\t\t\t<\/div>\n\t\t\t\t\t\t\t<div class=\"elementor-accordion-item\">\n\t\t\t\t\t<h3 id=\"elementor-tab-title-3562\" class=\"elementor-tab-title\" data-tab=\"2\" role=\"button\" aria-controls=\"elementor-tab-content-3562\" aria-expanded=\"false\">\n\t\t\t\t\t\t\t\t\t\t\t\t\t<span class=\"elementor-accordion-icon elementor-accordion-icon-left\" aria-hidden=\"true\">\n\t\t\t\t\t\t\t\t\t\t\t\t\t\t\t<span class=\"elementor-accordion-icon-closed\"><i class=\"fas fa-plus\"><\/i><\/span>\n\t\t\t\t\t\t\t\t<span class=\"elementor-accordion-icon-opened\"><i class=\"fas fa-minus\"><\/i><\/span>\n\t\t\t\t\t\t\t\t\t\t\t\t\t\t<\/span>\n\t\t\t\t\t\t\t\t\t\t\t\t<a class=\"elementor-accordion-title\" tabindex=\"0\">Quais s\u00e3o as vantagens de utilizar um sistema de embalagem APS?<\/a>\n\t\t\t\t\t<\/h3>\n\t\t\t\t\t<div id=\"elementor-tab-content-3562\" class=\"elementor-tab-content elementor-clearfix\" data-tab=\"2\" role=\"region\" aria-labelledby=\"elementor-tab-title-3562\"><p style=\"text-align: justify;\">As vantagens incluem o aumento da efici\u00eancia e da velocidade de embalagem, a redu\u00e7\u00e3o de erros, a otimiza\u00e7\u00e3o de recursos, a melhoria da qualidade da embalagem e uma maior capacidade de resposta \u00e0 procura do mercado.<\/p>\n<\/div>\n\t\t\t\t<\/div>\n\t\t\t\t\t\t\t<div class=\"elementor-accordion-item\">\n\t\t\t\t\t<h3 id=\"elementor-tab-title-3563\" class=\"elementor-tab-title\" data-tab=\"3\" role=\"button\" aria-controls=\"elementor-tab-content-3563\" aria-expanded=\"false\">\n\t\t\t\t\t\t\t\t\t\t\t\t\t<span class=\"elementor-accordion-icon elementor-accordion-icon-left\" aria-hidden=\"true\">\n\t\t\t\t\t\t\t\t\t\t\t\t\t\t\t<span class=\"elementor-accordion-icon-closed\"><i class=\"fas fa-plus\"><\/i><\/span>\n\t\t\t\t\t\t\t\t<span class=\"elementor-accordion-icon-opened\"><i class=\"fas fa-minus\"><\/i><\/span>\n\t\t\t\t\t\t\t\t\t\t\t\t\t\t<\/span>\n\t\t\t\t\t\t\t\t\t\t\t\t<a class=\"elementor-accordion-title\" tabindex=\"0\">Como \u00e9 que posso integrar este sistema de embalagem na minha linha de produ\u00e7\u00e3o existente?<\/a>\n\t\t\t\t\t<\/h3>\n\t\t\t\t\t<div id=\"elementor-tab-content-3563\" class=\"elementor-tab-content elementor-clearfix\" data-tab=\"3\" role=\"region\" aria-labelledby=\"elementor-tab-title-3563\"><p style=\"text-align: justify;\">A integra\u00e7\u00e3o de um sistema de embalagem \u00e9 feita atrav\u00e9s de um processo de planeamento e configura\u00e7\u00e3o, que inclui a instala\u00e7\u00e3o de equipamento e a adapta\u00e7\u00e3o da linha de produ\u00e7\u00e3o para garantir uma transi\u00e7\u00e3o suave e eficiente.<\/p>\n<\/div>\n\t\t\t\t<\/div>\n\t\t\t\t\t\t\t<div class=\"elementor-accordion-item\">\n\t\t\t\t\t<h3 id=\"elementor-tab-title-3564\" class=\"elementor-tab-title\" data-tab=\"4\" role=\"button\" aria-controls=\"elementor-tab-content-3564\" aria-expanded=\"false\">\n\t\t\t\t\t\t\t\t\t\t\t\t\t<span class=\"elementor-accordion-icon elementor-accordion-icon-left\" aria-hidden=\"true\">\n\t\t\t\t\t\t\t\t\t\t\t\t\t\t\t<span class=\"elementor-accordion-icon-closed\"><i class=\"fas fa-plus\"><\/i><\/span>\n\t\t\t\t\t\t\t\t<span class=\"elementor-accordion-icon-opened\"><i class=\"fas fa-minus\"><\/i><\/span>\n\t\t\t\t\t\t\t\t\t\t\t\t\t\t<\/span>\n\t\t\t\t\t\t\t\t\t\t\t\t<a class=\"elementor-accordion-title\" tabindex=\"0\">Como posso obter mais informa\u00e7\u00f5es sobre o sistema de embalagem Avanzate e a sua implementa\u00e7\u00e3o na minha empresa?<\/a>\n\t\t\t\t\t<\/h3>\n\t\t\t\t\t<div id=\"elementor-tab-content-3564\" class=\"elementor-tab-content elementor-clearfix\" data-tab=\"4\" role=\"region\" aria-labelledby=\"elementor-tab-title-3564\"><p style=\"text-align: justify;\">Podes contactar-nos para uma consulta e avalia\u00e7\u00e3o das tuas necessidades espec\u00edficas, bem como para obter informa\u00e7\u00f5es detalhadas sobre as op\u00e7\u00f5es de implementa\u00e7\u00e3o e as vantagens para a tua empresa.<\/p>\n<\/div>\n\t\t\t\t<\/div>\n\t\t\t\t\t\t\t\t<\/div>\n\t\t\t\t\t\t<\/div>\n\t\t\t\t<\/div>\n\t\t\t\t\t<\/div>\n\t\t<\/div>\n\t\t\t\t\t<\/div>\n\t\t<\/section>\n\t\t\t\t<\/div>\n\t\t","protected":false},"excerpt":{"rendered":"<p>Embalagem APS Na Avanzate, compreendemos a import\u00e2ncia de uma embalagem eficiente e precisa para os teus produtos. \u00c9 por isso que o APS Packaging \u00e9 uma solu\u00e7\u00e3o abrangente para a&hellip;<\/p>\n","protected":false},"author":2,"featured_media":0,"parent":0,"menu_order":0,"comment_status":"closed","ping_status":"closed","template":"","meta":{"_joinchat":[],"footnotes":""},"class_list":["post-2464","page","type-page","status-publish","hentry"],"yoast_head":"<!-- This site is optimized with the Yoast SEO plugin v27.5 - https:\/\/yoast.com\/product\/yoast-seo-wordpress\/ -->\n<title>Embalagem APS - Avanzate<\/title>\n<meta name=\"description\" content=\"APS Packaging \u00e9 um sistema para otimizar e agilizar o processo de embalagem em ambientes industriais atrav\u00e9s de tecnologia de ponta.\" \/>\n<meta name=\"robots\" content=\"index, follow, max-snippet:-1, max-image-preview:large, max-video-preview:-1\" \/>\n<link rel=\"canonical\" href=\"https:\/\/avanzate.es\/pt-pt\/embalagem-aps\/\" \/>\n<meta property=\"og:locale\" content=\"pt_PT\" \/>\n<meta property=\"og:type\" content=\"article\" \/>\n<meta property=\"og:title\" content=\"Embalagem APS - Avanzate\" \/>\n<meta property=\"og:description\" content=\"APS Packaging \u00e9 um sistema para otimizar e agilizar o processo de embalagem em ambientes industriais atrav\u00e9s de tecnologia de ponta.\" \/>\n<meta property=\"og:url\" content=\"https:\/\/avanzate.es\/pt-pt\/embalagem-aps\/\" \/>\n<meta property=\"og:site_name\" content=\"Avanzate\" \/>\n<meta property=\"article:modified_time\" content=\"2025-05-16T09:00:27+00:00\" \/>\n<meta property=\"og:image\" content=\"https:\/\/avanzate.es\/wp-content\/uploads\/2024\/03\/Sistema-de-embalaje-APS--scaled.jpg\" \/>\n\t<meta property=\"og:image:width\" content=\"1707\" \/>\n\t<meta property=\"og:image:height\" content=\"2560\" \/>\n\t<meta property=\"og:image:type\" content=\"image\/jpeg\" \/>\n<meta name=\"twitter:card\" content=\"summary_large_image\" \/>\n<meta name=\"twitter:label1\" content=\"Tempo estimado de leitura\" \/>\n\t<meta name=\"twitter:data1\" content=\"3 minutos\" \/>\n<script type=\"application\/ld+json\" class=\"yoast-schema-graph\">{\"@context\":\"https:\\\/\\\/schema.org\",\"@graph\":[{\"@type\":\"WebPage\",\"@id\":\"https:\\\/\\\/avanzate.es\\\/pt-pt\\\/embalagem-aps\\\/\",\"url\":\"https:\\\/\\\/avanzate.es\\\/pt-pt\\\/embalagem-aps\\\/\",\"name\":\"Embalagem APS - Avanzate\",\"isPartOf\":{\"@id\":\"https:\\\/\\\/avanzate.es\\\/pt-pt\\\/#website\"},\"primaryImageOfPage\":{\"@id\":\"https:\\\/\\\/avanzate.es\\\/pt-pt\\\/embalagem-aps\\\/#primaryimage\"},\"image\":{\"@id\":\"https:\\\/\\\/avanzate.es\\\/pt-pt\\\/embalagem-aps\\\/#primaryimage\"},\"thumbnailUrl\":\"https:\\\/\\\/avanzate.es\\\/wp-content\\\/uploads\\\/2024\\\/03\\\/Sistema-de-embalaje-APS--683x1024.jpg\",\"datePublished\":\"2023-10-20T10:58:13+00:00\",\"dateModified\":\"2025-05-16T09:00:27+00:00\",\"description\":\"APS Packaging \u00e9 um sistema para otimizar e agilizar o processo de embalagem em ambientes industriais atrav\u00e9s de tecnologia de ponta.\",\"breadcrumb\":{\"@id\":\"https:\\\/\\\/avanzate.es\\\/pt-pt\\\/embalagem-aps\\\/#breadcrumb\"},\"inLanguage\":\"pt-PT\",\"potentialAction\":[{\"@type\":\"ReadAction\",\"target\":[\"https:\\\/\\\/avanzate.es\\\/pt-pt\\\/embalagem-aps\\\/\"]}]},{\"@type\":\"ImageObject\",\"inLanguage\":\"pt-PT\",\"@id\":\"https:\\\/\\\/avanzate.es\\\/pt-pt\\\/embalagem-aps\\\/#primaryimage\",\"url\":\"https:\\\/\\\/avanzate.es\\\/wp-content\\\/uploads\\\/2024\\\/03\\\/Sistema-de-embalaje-APS--683x1024.jpg\",\"contentUrl\":\"https:\\\/\\\/avanzate.es\\\/wp-content\\\/uploads\\\/2024\\\/03\\\/Sistema-de-embalaje-APS--683x1024.jpg\"},{\"@type\":\"BreadcrumbList\",\"@id\":\"https:\\\/\\\/avanzate.es\\\/pt-pt\\\/embalagem-aps\\\/#breadcrumb\",\"itemListElement\":[{\"@type\":\"ListItem\",\"position\":1,\"name\":\"P\u00e1gina inicial\",\"item\":\"https:\\\/\\\/avanzate.es\\\/pt-pt\\\/\"},{\"@type\":\"ListItem\",\"position\":2,\"name\":\"Embalagem APS\"}]},{\"@type\":\"WebSite\",\"@id\":\"https:\\\/\\\/avanzate.es\\\/pt-pt\\\/#website\",\"url\":\"https:\\\/\\\/avanzate.es\\\/pt-pt\\\/\",\"name\":\"Avanzate\",\"description\":\"Tecnolog&iacute;a Inform&aacute;tica e Industrial\",\"publisher\":{\"@id\":\"https:\\\/\\\/avanzate.es\\\/pt-pt\\\/#organization\"},\"potentialAction\":[{\"@type\":\"SearchAction\",\"target\":{\"@type\":\"EntryPoint\",\"urlTemplate\":\"https:\\\/\\\/avanzate.es\\\/pt-pt\\\/?s={search_term_string}\"},\"query-input\":{\"@type\":\"PropertyValueSpecification\",\"valueRequired\":true,\"valueName\":\"search_term_string\"}}],\"inLanguage\":\"pt-PT\"},{\"@type\":\"Organization\",\"@id\":\"https:\\\/\\\/avanzate.es\\\/pt-pt\\\/#organization\",\"name\":\"Avanzate\",\"url\":\"https:\\\/\\\/avanzate.es\\\/pt-pt\\\/\",\"logo\":{\"@type\":\"ImageObject\",\"inLanguage\":\"pt-PT\",\"@id\":\"https:\\\/\\\/avanzate.es\\\/pt-pt\\\/#\\\/schema\\\/logo\\\/image\\\/\",\"url\":\"https:\\\/\\\/avanzate.es\\\/wp-content\\\/uploads\\\/2023\\\/05\\\/avanzate-logo-transparente.png\",\"contentUrl\":\"https:\\\/\\\/avanzate.es\\\/wp-content\\\/uploads\\\/2023\\\/05\\\/avanzate-logo-transparente.png\",\"width\":857,\"height\":159,\"caption\":\"Avanzate\"},\"image\":{\"@id\":\"https:\\\/\\\/avanzate.es\\\/pt-pt\\\/#\\\/schema\\\/logo\\\/image\\\/\"}}]}<\/script>\n<!-- \/ Yoast SEO plugin. -->","yoast_head_json":{"title":"Embalagem APS - Avanzate","description":"APS Packaging \u00e9 um sistema para otimizar e agilizar o processo de embalagem em ambientes industriais atrav\u00e9s de tecnologia de ponta.","robots":{"index":"index","follow":"follow","max-snippet":"max-snippet:-1","max-image-preview":"max-image-preview:large","max-video-preview":"max-video-preview:-1"},"canonical":"https:\/\/avanzate.es\/pt-pt\/embalagem-aps\/","og_locale":"pt_PT","og_type":"article","og_title":"Embalagem APS - Avanzate","og_description":"APS Packaging \u00e9 um sistema para otimizar e agilizar o processo de embalagem em ambientes industriais atrav\u00e9s de tecnologia de ponta.","og_url":"https:\/\/avanzate.es\/pt-pt\/embalagem-aps\/","og_site_name":"Avanzate","article_modified_time":"2025-05-16T09:00:27+00:00","og_image":[{"width":1707,"height":2560,"url":"https:\/\/avanzate.es\/wp-content\/uploads\/2024\/03\/Sistema-de-embalaje-APS--scaled.jpg","type":"image\/jpeg"}],"twitter_card":"summary_large_image","twitter_misc":{"Tempo estimado de leitura":"3 minutos"},"schema":{"@context":"https:\/\/schema.org","@graph":[{"@type":"WebPage","@id":"https:\/\/avanzate.es\/pt-pt\/embalagem-aps\/","url":"https:\/\/avanzate.es\/pt-pt\/embalagem-aps\/","name":"Embalagem APS - Avanzate","isPartOf":{"@id":"https:\/\/avanzate.es\/pt-pt\/#website"},"primaryImageOfPage":{"@id":"https:\/\/avanzate.es\/pt-pt\/embalagem-aps\/#primaryimage"},"image":{"@id":"https:\/\/avanzate.es\/pt-pt\/embalagem-aps\/#primaryimage"},"thumbnailUrl":"https:\/\/avanzate.es\/wp-content\/uploads\/2024\/03\/Sistema-de-embalaje-APS--683x1024.jpg","datePublished":"2023-10-20T10:58:13+00:00","dateModified":"2025-05-16T09:00:27+00:00","description":"APS Packaging \u00e9 um sistema para otimizar e agilizar o processo de embalagem em ambientes industriais atrav\u00e9s de tecnologia de ponta.","breadcrumb":{"@id":"https:\/\/avanzate.es\/pt-pt\/embalagem-aps\/#breadcrumb"},"inLanguage":"pt-PT","potentialAction":[{"@type":"ReadAction","target":["https:\/\/avanzate.es\/pt-pt\/embalagem-aps\/"]}]},{"@type":"ImageObject","inLanguage":"pt-PT","@id":"https:\/\/avanzate.es\/pt-pt\/embalagem-aps\/#primaryimage","url":"https:\/\/avanzate.es\/wp-content\/uploads\/2024\/03\/Sistema-de-embalaje-APS--683x1024.jpg","contentUrl":"https:\/\/avanzate.es\/wp-content\/uploads\/2024\/03\/Sistema-de-embalaje-APS--683x1024.jpg"},{"@type":"BreadcrumbList","@id":"https:\/\/avanzate.es\/pt-pt\/embalagem-aps\/#breadcrumb","itemListElement":[{"@type":"ListItem","position":1,"name":"P\u00e1gina inicial","item":"https:\/\/avanzate.es\/pt-pt\/"},{"@type":"ListItem","position":2,"name":"Embalagem APS"}]},{"@type":"WebSite","@id":"https:\/\/avanzate.es\/pt-pt\/#website","url":"https:\/\/avanzate.es\/pt-pt\/","name":"Avanzate","description":"Tecnolog&iacute;a Inform&aacute;tica e Industrial","publisher":{"@id":"https:\/\/avanzate.es\/pt-pt\/#organization"},"potentialAction":[{"@type":"SearchAction","target":{"@type":"EntryPoint","urlTemplate":"https:\/\/avanzate.es\/pt-pt\/?s={search_term_string}"},"query-input":{"@type":"PropertyValueSpecification","valueRequired":true,"valueName":"search_term_string"}}],"inLanguage":"pt-PT"},{"@type":"Organization","@id":"https:\/\/avanzate.es\/pt-pt\/#organization","name":"Avanzate","url":"https:\/\/avanzate.es\/pt-pt\/","logo":{"@type":"ImageObject","inLanguage":"pt-PT","@id":"https:\/\/avanzate.es\/pt-pt\/#\/schema\/logo\/image\/","url":"https:\/\/avanzate.es\/wp-content\/uploads\/2023\/05\/avanzate-logo-transparente.png","contentUrl":"https:\/\/avanzate.es\/wp-content\/uploads\/2023\/05\/avanzate-logo-transparente.png","width":857,"height":159,"caption":"Avanzate"},"image":{"@id":"https:\/\/avanzate.es\/pt-pt\/#\/schema\/logo\/image\/"}}]}},"_links":{"self":[{"href":"https:\/\/avanzate.es\/pt-pt\/wp-json\/wp\/v2\/pages\/2464","targetHints":{"allow":["GET"]}}],"collection":[{"href":"https:\/\/avanzate.es\/pt-pt\/wp-json\/wp\/v2\/pages"}],"about":[{"href":"https:\/\/avanzate.es\/pt-pt\/wp-json\/wp\/v2\/types\/page"}],"author":[{"embeddable":true,"href":"https:\/\/avanzate.es\/pt-pt\/wp-json\/wp\/v2\/users\/2"}],"replies":[{"embeddable":true,"href":"https:\/\/avanzate.es\/pt-pt\/wp-json\/wp\/v2\/comments?post=2464"}],"version-history":[{"count":4,"href":"https:\/\/avanzate.es\/pt-pt\/wp-json\/wp\/v2\/pages\/2464\/revisions"}],"predecessor-version":[{"id":2726,"href":"https:\/\/avanzate.es\/pt-pt\/wp-json\/wp\/v2\/pages\/2464\/revisions\/2726"}],"wp:attachment":[{"href":"https:\/\/avanzate.es\/pt-pt\/wp-json\/wp\/v2\/media?parent=2464"}],"curies":[{"name":"wp","href":"https:\/\/api.w.org\/{rel}","templated":true}]}}