{"id":2467,"date":"2023-06-19T07:48:06","date_gmt":"2023-06-19T07:48:06","guid":{"rendered":"https:\/\/avanzate.es\/politica-de-cookies\/"},"modified":"2023-06-19T07:48:06","modified_gmt":"2023-06-19T07:48:06","slug":"politica-de-cookies","status":"publish","type":"page","link":"https:\/\/avanzate.es\/pt-pt\/politica-de-cookies\/","title":{"rendered":"Pol\u00edtica de cookies"},"content":{"rendered":"","protected":false},"excerpt":{"rendered":"","protected":false},"author":1,"featured_media":0,"parent":0,"menu_order":0,"comment_status":"closed","ping_status":"closed","template":"","meta":{"_joinchat":[],"footnotes":""},"class_list":["post-2467","page","type-page","status-publish","hentry"],"yoast_head":"<!-- This site is optimized with the Yoast SEO plugin v27.5 - https:\/\/yoast.com\/product\/yoast-seo-wordpress\/ -->\n<title>Pol\u00edtica de cookies - Avanzate<\/title>\n<meta name=\"description\" content=\"Pol\u00edtica de Cookies da Avanzate. Empresa de software da Ind\u00fastria 4.0 para monitoriza\u00e7\u00e3o e rastreio na tua f\u00e1brica.\" \/>\n<meta name=\"robots\" content=\"index, follow, max-snippet:-1, max-image-preview:large, max-video-preview:-1\" \/>\n<link rel=\"canonical\" href=\"https:\/\/avanzate.es\/pt-pt\/politica-de-cookies\/\" \/>\n<meta property=\"og:locale\" content=\"pt_PT\" \/>\n<meta property=\"og:type\" content=\"article\" \/>\n<meta property=\"og:title\" content=\"Pol\u00edtica de cookies - Avanzate\" \/>\n<meta property=\"og:description\" content=\"Pol\u00edtica de Cookies da Avanzate. Empresa de software da Ind\u00fastria 4.0 para monitoriza\u00e7\u00e3o e rastreio na tua f\u00e1brica.\" \/>\n<meta property=\"og:url\" content=\"https:\/\/avanzate.es\/pt-pt\/politica-de-cookies\/\" \/>\n<meta property=\"og:site_name\" content=\"Avanzate\" \/>\n<meta name=\"twitter:card\" content=\"summary_large_image\" \/>\n<script type=\"application\/ld+json\" class=\"yoast-schema-graph\">{\"@context\":\"https:\\\/\\\/schema.org\",\"@graph\":[{\"@type\":\"WebPage\",\"@id\":\"https:\\\/\\\/avanzate.es\\\/pt-pt\\\/politica-de-cookies\\\/\",\"url\":\"https:\\\/\\\/avanzate.es\\\/pt-pt\\\/politica-de-cookies\\\/\",\"name\":\"Pol\u00edtica de cookies - Avanzate\",\"isPartOf\":{\"@id\":\"https:\\\/\\\/avanzate.es\\\/pt-pt\\\/#website\"},\"datePublished\":\"2023-06-19T07:48:06+00:00\",\"description\":\"Pol\u00edtica de Cookies da Avanzate. Empresa de software da Ind\u00fastria 4.0 para monitoriza\u00e7\u00e3o e rastreio na tua f\u00e1brica.\",\"breadcrumb\":{\"@id\":\"https:\\\/\\\/avanzate.es\\\/pt-pt\\\/politica-de-cookies\\\/#breadcrumb\"},\"inLanguage\":\"pt-PT\",\"potentialAction\":[{\"@type\":\"ReadAction\",\"target\":[\"https:\\\/\\\/avanzate.es\\\/pt-pt\\\/politica-de-cookies\\\/\"]}]},{\"@type\":\"BreadcrumbList\",\"@id\":\"https:\\\/\\\/avanzate.es\\\/pt-pt\\\/politica-de-cookies\\\/#breadcrumb\",\"itemListElement\":[{\"@type\":\"ListItem\",\"position\":1,\"name\":\"P\u00e1gina inicial\",\"item\":\"https:\\\/\\\/avanzate.es\\\/pt-pt\\\/\"},{\"@type\":\"ListItem\",\"position\":2,\"name\":\"Pol\u00edtica de cookies\"}]},{\"@type\":\"WebSite\",\"@id\":\"https:\\\/\\\/avanzate.es\\\/pt-pt\\\/#website\",\"url\":\"https:\\\/\\\/avanzate.es\\\/pt-pt\\\/\",\"name\":\"Avanzate\",\"description\":\"Tecnolog&iacute;a Inform&aacute;tica e Industrial\",\"publisher\":{\"@id\":\"https:\\\/\\\/avanzate.es\\\/pt-pt\\\/#organization\"},\"potentialAction\":[{\"@type\":\"SearchAction\",\"target\":{\"@type\":\"EntryPoint\",\"urlTemplate\":\"https:\\\/\\\/avanzate.es\\\/pt-pt\\\/?s={search_term_string}\"},\"query-input\":{\"@type\":\"PropertyValueSpecification\",\"valueRequired\":true,\"valueName\":\"search_term_string\"}}],\"inLanguage\":\"pt-PT\"},{\"@type\":\"Organization\",\"@id\":\"https:\\\/\\\/avanzate.es\\\/pt-pt\\\/#organization\",\"name\":\"Avanzate\",\"url\":\"https:\\\/\\\/avanzate.es\\\/pt-pt\\\/\",\"logo\":{\"@type\":\"ImageObject\",\"inLanguage\":\"pt-PT\",\"@id\":\"https:\\\/\\\/avanzate.es\\\/pt-pt\\\/#\\\/schema\\\/logo\\\/image\\\/\",\"url\":\"https:\\\/\\\/avanzate.es\\\/wp-content\\\/uploads\\\/2023\\\/05\\\/avanzate-logo-transparente.png\",\"contentUrl\":\"https:\\\/\\\/avanzate.es\\\/wp-content\\\/uploads\\\/2023\\\/05\\\/avanzate-logo-transparente.png\",\"width\":857,\"height\":159,\"caption\":\"Avanzate\"},\"image\":{\"@id\":\"https:\\\/\\\/avanzate.es\\\/pt-pt\\\/#\\\/schema\\\/logo\\\/image\\\/\"}}]}<\/script>\n<!-- \/ Yoast SEO plugin. -->","yoast_head_json":{"title":"Pol\u00edtica de cookies - Avanzate","description":"Pol\u00edtica de Cookies da Avanzate. Empresa de software da Ind\u00fastria 4.0 para monitoriza\u00e7\u00e3o e rastreio na tua f\u00e1brica.","robots":{"index":"index","follow":"follow","max-snippet":"max-snippet:-1","max-image-preview":"max-image-preview:large","max-video-preview":"max-video-preview:-1"},"canonical":"https:\/\/avanzate.es\/pt-pt\/politica-de-cookies\/","og_locale":"pt_PT","og_type":"article","og_title":"Pol\u00edtica de cookies - Avanzate","og_description":"Pol\u00edtica de Cookies da Avanzate. Empresa de software da Ind\u00fastria 4.0 para monitoriza\u00e7\u00e3o e rastreio na tua f\u00e1brica.","og_url":"https:\/\/avanzate.es\/pt-pt\/politica-de-cookies\/","og_site_name":"Avanzate","twitter_card":"summary_large_image","schema":{"@context":"https:\/\/schema.org","@graph":[{"@type":"WebPage","@id":"https:\/\/avanzate.es\/pt-pt\/politica-de-cookies\/","url":"https:\/\/avanzate.es\/pt-pt\/politica-de-cookies\/","name":"Pol\u00edtica de cookies - Avanzate","isPartOf":{"@id":"https:\/\/avanzate.es\/pt-pt\/#website"},"datePublished":"2023-06-19T07:48:06+00:00","description":"Pol\u00edtica de Cookies da Avanzate. Empresa de software da Ind\u00fastria 4.0 para monitoriza\u00e7\u00e3o e rastreio na tua f\u00e1brica.","breadcrumb":{"@id":"https:\/\/avanzate.es\/pt-pt\/politica-de-cookies\/#breadcrumb"},"inLanguage":"pt-PT","potentialAction":[{"@type":"ReadAction","target":["https:\/\/avanzate.es\/pt-pt\/politica-de-cookies\/"]}]},{"@type":"BreadcrumbList","@id":"https:\/\/avanzate.es\/pt-pt\/politica-de-cookies\/#breadcrumb","itemListElement":[{"@type":"ListItem","position":1,"name":"P\u00e1gina inicial","item":"https:\/\/avanzate.es\/pt-pt\/"},{"@type":"ListItem","position":2,"name":"Pol\u00edtica de cookies"}]},{"@type":"WebSite","@id":"https:\/\/avanzate.es\/pt-pt\/#website","url":"https:\/\/avanzate.es\/pt-pt\/","name":"Avanzate","description":"Tecnolog&iacute;a Inform&aacute;tica e Industrial","publisher":{"@id":"https:\/\/avanzate.es\/pt-pt\/#organization"},"potentialAction":[{"@type":"SearchAction","target":{"@type":"EntryPoint","urlTemplate":"https:\/\/avanzate.es\/pt-pt\/?s={search_term_string}"},"query-input":{"@type":"PropertyValueSpecification","valueRequired":true,"valueName":"search_term_string"}}],"inLanguage":"pt-PT"},{"@type":"Organization","@id":"https:\/\/avanzate.es\/pt-pt\/#organization","name":"Avanzate","url":"https:\/\/avanzate.es\/pt-pt\/","logo":{"@type":"ImageObject","inLanguage":"pt-PT","@id":"https:\/\/avanzate.es\/pt-pt\/#\/schema\/logo\/image\/","url":"https:\/\/avanzate.es\/wp-content\/uploads\/2023\/05\/avanzate-logo-transparente.png","contentUrl":"https:\/\/avanzate.es\/wp-content\/uploads\/2023\/05\/avanzate-logo-transparente.png","width":857,"height":159,"caption":"Avanzate"},"image":{"@id":"https:\/\/avanzate.es\/pt-pt\/#\/schema\/logo\/image\/"}}]}},"_links":{"self":[{"href":"https:\/\/avanzate.es\/pt-pt\/wp-json\/wp\/v2\/pages\/2467","targetHints":{"allow":["GET"]}}],"collection":[{"href":"https:\/\/avanzate.es\/pt-pt\/wp-json\/wp\/v2\/pages"}],"about":[{"href":"https:\/\/avanzate.es\/pt-pt\/wp-json\/wp\/v2\/types\/page"}],"author":[{"embeddable":true,"href":"https:\/\/avanzate.es\/pt-pt\/wp-json\/wp\/v2\/users\/1"}],"replies":[{"embeddable":true,"href":"https:\/\/avanzate.es\/pt-pt\/wp-json\/wp\/v2\/comments?post=2467"}],"version-history":[{"count":0,"href":"https:\/\/avanzate.es\/pt-pt\/wp-json\/wp\/v2\/pages\/2467\/revisions"}],"wp:attachment":[{"href":"https:\/\/avanzate.es\/pt-pt\/wp-json\/wp\/v2\/media?parent=2467"}],"curies":[{"name":"wp","href":"https:\/\/api.w.org\/{rel}","templated":true}]}}