{"id":2475,"date":"2023-06-29T08:54:43","date_gmt":"2023-06-29T08:54:43","guid":{"rendered":"https:\/\/avanzate.es\/acessibilidade\/"},"modified":"2025-05-14T10:31:25","modified_gmt":"2025-05-14T10:31:25","slug":"acessibilidade","status":"publish","type":"page","link":"https:\/\/avanzate.es\/pt-pt\/acessibilidade\/","title":{"rendered":"Acessibilidade"},"content":{"rendered":"\n<h1 class=\"wp-block-heading\">Acessibilidade<\/h1>\n\n<p>Avanza Tecnolog\u00eda Inform\u00e1tica Industrial SL compromete-se a tornar o seu site acess\u00edvel de acordo com o Real Decreto 1112\/2018, de 7 de setembro, sobre a acessibilidade dos sites e aplica\u00e7\u00f5es do sector p\u00fablico para dispositivos m\u00f3veis.<\/p>\n\n<p>Esta declara\u00e7\u00e3o de acessibilidade aplica-se ao s\u00edtio Web https:\/\/avanzate.es\/.<\/p>\n\n<h2 class=\"wp-block-heading\">ESTADO DE CUMPRIMENTO<\/h2>\n\n<p>Este s\u00edtio Web est\u00e1 parcialmente em conformidade com o RD 1112\/2018 devido \u00e0s excep\u00e7\u00f5es e \u00e0 n\u00e3o conformidade dos aspectos enumerados abaixo.<\/p>\n\n<h2 class=\"wp-block-heading\">CONTE\u00daDO N\u00c3O ACESS\u00cdVEL<\/h2>\n\n<p>O conte\u00fado abaixo n\u00e3o \u00e9 acess\u00edvel pelas seguintes raz\u00f5es:<\/p>\n\n<p>N\u00e3o cumprimento do RD 1112\/2018<\/p>\n\n<p>N\u00e3o existe um m\u00e9todo para evitar que as pessoas que interagem por voz na Web activem acidentalmente outros elementos (Requisito n\u00famero 9.2.1.4 da UNE-EN 301549:2022).<\/p>\n\n<p>Um elemento da p\u00e1gina inicial n\u00e3o permite ao utilizador fazer uma pausa e retomar a a\u00e7\u00e3o em qualquer momento (Requisito n\u00famero 9.2.2.2.2 da UNE-EN 301549:2022).<\/p>\n\n<p>N\u00e3o existe um motor de busca ou um mapa do s\u00edtio para localizar o conte\u00fado do s\u00edtio web (Requisito n\u00famero 9.2.4.5 da UNE-EN 301549:2022).<\/p>\n\n<p>Os campos do formul\u00e1rio n\u00e3o fornecem instru\u00e7\u00f5es sobre como preencher os campos para evitar erros (Requisito n\u00famero 9.3.3.2 da UNE-EN 301549:2022).<\/p>\n\n<p>N\u00e3o existem etiquetas nem instru\u00e7\u00f5es sobre como resolver poss\u00edveis erros que possam ocorrer ao introduzir um campo errado num formul\u00e1rio web (Requisito n\u00famero 9.3.3.3.3 da UNE-EN 301549:2022).<\/p>\n\n<h2 class=\"wp-block-heading\">Encargos desproporcionados<\/h2>\n\n<p>N\u00e3o se aplica.<\/p>\n\n<p>O conte\u00fado n\u00e3o \u00e9 abrangido pelo \u00e2mbito da legisla\u00e7\u00e3o aplic\u00e1vel.<\/p>\n\n<p>\u00c9 poss\u00edvel que existam ficheiros de escrit\u00f3rio em PDF ou noutros formatos publicados antes de 20 de setembro de 2018 que n\u00e3o cumpram integralmente todos os requisitos de acessibilidade. No entanto, foram envidados esfor\u00e7os para garantir que a maior parte deles cumpra. <\/p>\n\n<h2 class=\"wp-block-heading\">PREPARA\u00c7\u00c3O DA PRESENTE DECLARA\u00c7\u00c3O DE ACESSIBILIDADE<\/h2>\n\n<p>Esta declara\u00e7\u00e3o foi elaborada em 30 de junho de 2023.<\/p>\n\n<p>O m\u00e9todo utilizado para preparar a declara\u00e7\u00e3o foi uma autoavalia\u00e7\u00e3o efectuada pela pr\u00f3pria entidade.<\/p>\n\n<p>\u00daltima revis\u00e3o da declara\u00e7\u00e3o: 30 de junho de 2023.<\/p>\n\n<h2 class=\"wp-block-heading\">OBSERVA\u00c7\u00d5ES E CONTACTOS<\/h2>\n\n<p>Podes fazer comunica\u00e7\u00f5es sobre requisitos de acessibilidade (artigo 10.2.a do RD 1112\/2018) atrav\u00e9s do formul\u00e1rio de contacto deste s\u00edtio Web dispon\u00edvel no seguinte endere\u00e7o:<\/p>\n\n<p><a href=\"https:\/\/avanzate.es\/contacto\/\">https:\/\/avanzate.es\/contacto\/<\/a><\/p>\n\n<p>Por exemplo:<br\/>&#8211; Comunica qualquer eventual incumprimento por parte deste s\u00edtio Web.<br\/>&#8211; Comunica outras dificuldades de acesso aos conte\u00fados.<br\/>&#8211; Faz qualquer outra consulta ou sugest\u00e3o de melhoria relativamente \u00e0 acessibilidade do s\u00edtio Web.<\/p>\n\n<p>Tamb\u00e9m podes apresentar:<br\/>&#8211; Reclama\u00e7\u00e3o relativa ao cumprimento dos requisitos do RD 1112\/2018<br\/>&#8211; Pedido de Informa\u00e7\u00e3o Acess\u00edvel relativo a:<br\/>o Conte\u00fados que est\u00e3o exclu\u00eddos do \u00e2mbito de aplica\u00e7\u00e3o do RD 1112\/2018, conforme estabelecido no artigo 3.\u00ba, n.\u00ba 4.<br\/>o Conte\u00fados que est\u00e3o isentos do cumprimento dos requisitos de acessibilidade por imporem um encargo desproporcionado.<\/p>\n\n<p>No Pedido de Informa\u00e7\u00e3o Acess\u00edvel, os factos, as raz\u00f5es e o pedido devem ser claramente expostos, a fim de estabelecer que o pedido \u00e9 razo\u00e1vel e leg\u00edtimo.<\/p>\n\n<p>As queixas e reclama\u00e7\u00f5es sobre informa\u00e7\u00f5es acess\u00edveis devem ser apresentadas atrav\u00e9s do formul\u00e1rio de contacto deste s\u00edtio Web, dispon\u00edvel no seguinte endere\u00e7o<\/p>\n\n<p><a href=\"https:\/\/avanzate.es\/contacto\/\">https:\/\/avanzate.es\/contacto\/<\/a><\/p>\n\n<h2 class=\"wp-block-heading\">CONTE\u00daDO OPCIONAL<\/h2>\n\n<p>Este s\u00edtio Web foi concebido para ser reativo, de modo a poder ser visualizado corretamente em dispositivos como tablets e dispositivos m\u00f3veis.<\/p>\n\n<p>Foi tamb\u00e9m concebido para poder alterar o tamanho do texto atrav\u00e9s dos menus definidos para o efeito, de acordo com o navegador utilizado.<\/p>\n\n<p>Tamb\u00e9m pode ser feito usando os seguintes atalhos de teclado, pressionando as duas teclas ao mesmo tempo:<br\/>&#8211; Ctrl + : aumenta-o.<br\/>&#8211; Ctrl &#8211; : diminui-o.<br\/>&#8211; Ctrl 0 : restaura o tamanho original.<\/p>\n\n<p>Da mesma forma, se um utilizador n\u00e3o tiver um rato, poder\u00e1 mover-se atrav\u00e9s dos diferentes elementos da p\u00e1gina que est\u00e1 a visitar utilizando o teclado, atrav\u00e9s da tecla tab.<\/p>\n","protected":false},"excerpt":{"rendered":"<p>Acessibilidade Avanza Tecnolog\u00eda Inform\u00e1tica Industrial SL compromete-se a tornar o seu site acess\u00edvel de acordo com o Real Decreto 1112\/2018, de 7 de setembro, sobre a acessibilidade dos sites e&hellip;<\/p>\n","protected":false},"author":1,"featured_media":0,"parent":0,"menu_order":0,"comment_status":"closed","ping_status":"closed","template":"","meta":{"_joinchat":[],"footnotes":""},"class_list":["post-2475","page","type-page","status-publish","hentry"],"yoast_head":"<!-- This site is optimized with the Yoast SEO plugin v27.5 - https:\/\/yoast.com\/product\/yoast-seo-wordpress\/ -->\n<title>Acessibilidade - Avanzate<\/title>\n<meta name=\"description\" content=\"Avanzate Accessibility. Empresa de software para a ind\u00fastria 4.0 destinada a monitorizar e acompanhar a tua f\u00e1brica.\" \/>\n<meta name=\"robots\" content=\"index, follow, max-snippet:-1, max-image-preview:large, max-video-preview:-1\" \/>\n<link rel=\"canonical\" href=\"https:\/\/avanzate.es\/pt-pt\/acessibilidade\/\" \/>\n<meta property=\"og:locale\" content=\"pt_PT\" \/>\n<meta property=\"og:type\" content=\"article\" \/>\n<meta property=\"og:title\" content=\"Acessibilidade - Avanzate\" \/>\n<meta property=\"og:description\" content=\"Avanzate Accessibility. Empresa de software para a ind\u00fastria 4.0 destinada a monitorizar e acompanhar a tua f\u00e1brica.\" \/>\n<meta property=\"og:url\" content=\"https:\/\/avanzate.es\/pt-pt\/acessibilidade\/\" \/>\n<meta property=\"og:site_name\" content=\"Avanzate\" \/>\n<meta property=\"article:modified_time\" content=\"2025-05-14T10:31:25+00:00\" \/>\n<meta name=\"twitter:card\" content=\"summary_large_image\" \/>\n<meta name=\"twitter:label1\" content=\"Tempo estimado de leitura\" \/>\n\t<meta name=\"twitter:data1\" content=\"3 minutos\" \/>\n<script type=\"application\/ld+json\" class=\"yoast-schema-graph\">{\"@context\":\"https:\\\/\\\/schema.org\",\"@graph\":[{\"@type\":\"WebPage\",\"@id\":\"https:\\\/\\\/avanzate.es\\\/pt-pt\\\/acessibilidade\\\/\",\"url\":\"https:\\\/\\\/avanzate.es\\\/pt-pt\\\/acessibilidade\\\/\",\"name\":\"Acessibilidade - Avanzate\",\"isPartOf\":{\"@id\":\"https:\\\/\\\/avanzate.es\\\/pt-pt\\\/#website\"},\"datePublished\":\"2023-06-29T08:54:43+00:00\",\"dateModified\":\"2025-05-14T10:31:25+00:00\",\"description\":\"Avanzate Accessibility. Empresa de software para a ind\u00fastria 4.0 destinada a monitorizar e acompanhar a tua f\u00e1brica.\",\"breadcrumb\":{\"@id\":\"https:\\\/\\\/avanzate.es\\\/pt-pt\\\/acessibilidade\\\/#breadcrumb\"},\"inLanguage\":\"pt-PT\",\"potentialAction\":[{\"@type\":\"ReadAction\",\"target\":[\"https:\\\/\\\/avanzate.es\\\/pt-pt\\\/acessibilidade\\\/\"]}]},{\"@type\":\"BreadcrumbList\",\"@id\":\"https:\\\/\\\/avanzate.es\\\/pt-pt\\\/acessibilidade\\\/#breadcrumb\",\"itemListElement\":[{\"@type\":\"ListItem\",\"position\":1,\"name\":\"P\u00e1gina inicial\",\"item\":\"https:\\\/\\\/avanzate.es\\\/pt-pt\\\/\"},{\"@type\":\"ListItem\",\"position\":2,\"name\":\"Acessibilidade\"}]},{\"@type\":\"WebSite\",\"@id\":\"https:\\\/\\\/avanzate.es\\\/pt-pt\\\/#website\",\"url\":\"https:\\\/\\\/avanzate.es\\\/pt-pt\\\/\",\"name\":\"Avanzate\",\"description\":\"Tecnolog&iacute;a Inform&aacute;tica e Industrial\",\"publisher\":{\"@id\":\"https:\\\/\\\/avanzate.es\\\/pt-pt\\\/#organization\"},\"potentialAction\":[{\"@type\":\"SearchAction\",\"target\":{\"@type\":\"EntryPoint\",\"urlTemplate\":\"https:\\\/\\\/avanzate.es\\\/pt-pt\\\/?s={search_term_string}\"},\"query-input\":{\"@type\":\"PropertyValueSpecification\",\"valueRequired\":true,\"valueName\":\"search_term_string\"}}],\"inLanguage\":\"pt-PT\"},{\"@type\":\"Organization\",\"@id\":\"https:\\\/\\\/avanzate.es\\\/pt-pt\\\/#organization\",\"name\":\"Avanzate\",\"url\":\"https:\\\/\\\/avanzate.es\\\/pt-pt\\\/\",\"logo\":{\"@type\":\"ImageObject\",\"inLanguage\":\"pt-PT\",\"@id\":\"https:\\\/\\\/avanzate.es\\\/pt-pt\\\/#\\\/schema\\\/logo\\\/image\\\/\",\"url\":\"https:\\\/\\\/avanzate.es\\\/wp-content\\\/uploads\\\/2023\\\/05\\\/avanzate-logo-transparente.png\",\"contentUrl\":\"https:\\\/\\\/avanzate.es\\\/wp-content\\\/uploads\\\/2023\\\/05\\\/avanzate-logo-transparente.png\",\"width\":857,\"height\":159,\"caption\":\"Avanzate\"},\"image\":{\"@id\":\"https:\\\/\\\/avanzate.es\\\/pt-pt\\\/#\\\/schema\\\/logo\\\/image\\\/\"}}]}<\/script>\n<!-- \/ Yoast SEO plugin. -->","yoast_head_json":{"title":"Acessibilidade - Avanzate","description":"Avanzate Accessibility. Empresa de software para a ind\u00fastria 4.0 destinada a monitorizar e acompanhar a tua f\u00e1brica.","robots":{"index":"index","follow":"follow","max-snippet":"max-snippet:-1","max-image-preview":"max-image-preview:large","max-video-preview":"max-video-preview:-1"},"canonical":"https:\/\/avanzate.es\/pt-pt\/acessibilidade\/","og_locale":"pt_PT","og_type":"article","og_title":"Acessibilidade - Avanzate","og_description":"Avanzate Accessibility. Empresa de software para a ind\u00fastria 4.0 destinada a monitorizar e acompanhar a tua f\u00e1brica.","og_url":"https:\/\/avanzate.es\/pt-pt\/acessibilidade\/","og_site_name":"Avanzate","article_modified_time":"2025-05-14T10:31:25+00:00","twitter_card":"summary_large_image","twitter_misc":{"Tempo estimado de leitura":"3 minutos"},"schema":{"@context":"https:\/\/schema.org","@graph":[{"@type":"WebPage","@id":"https:\/\/avanzate.es\/pt-pt\/acessibilidade\/","url":"https:\/\/avanzate.es\/pt-pt\/acessibilidade\/","name":"Acessibilidade - Avanzate","isPartOf":{"@id":"https:\/\/avanzate.es\/pt-pt\/#website"},"datePublished":"2023-06-29T08:54:43+00:00","dateModified":"2025-05-14T10:31:25+00:00","description":"Avanzate Accessibility. Empresa de software para a ind\u00fastria 4.0 destinada a monitorizar e acompanhar a tua f\u00e1brica.","breadcrumb":{"@id":"https:\/\/avanzate.es\/pt-pt\/acessibilidade\/#breadcrumb"},"inLanguage":"pt-PT","potentialAction":[{"@type":"ReadAction","target":["https:\/\/avanzate.es\/pt-pt\/acessibilidade\/"]}]},{"@type":"BreadcrumbList","@id":"https:\/\/avanzate.es\/pt-pt\/acessibilidade\/#breadcrumb","itemListElement":[{"@type":"ListItem","position":1,"name":"P\u00e1gina inicial","item":"https:\/\/avanzate.es\/pt-pt\/"},{"@type":"ListItem","position":2,"name":"Acessibilidade"}]},{"@type":"WebSite","@id":"https:\/\/avanzate.es\/pt-pt\/#website","url":"https:\/\/avanzate.es\/pt-pt\/","name":"Avanzate","description":"Tecnolog&iacute;a Inform&aacute;tica e Industrial","publisher":{"@id":"https:\/\/avanzate.es\/pt-pt\/#organization"},"potentialAction":[{"@type":"SearchAction","target":{"@type":"EntryPoint","urlTemplate":"https:\/\/avanzate.es\/pt-pt\/?s={search_term_string}"},"query-input":{"@type":"PropertyValueSpecification","valueRequired":true,"valueName":"search_term_string"}}],"inLanguage":"pt-PT"},{"@type":"Organization","@id":"https:\/\/avanzate.es\/pt-pt\/#organization","name":"Avanzate","url":"https:\/\/avanzate.es\/pt-pt\/","logo":{"@type":"ImageObject","inLanguage":"pt-PT","@id":"https:\/\/avanzate.es\/pt-pt\/#\/schema\/logo\/image\/","url":"https:\/\/avanzate.es\/wp-content\/uploads\/2023\/05\/avanzate-logo-transparente.png","contentUrl":"https:\/\/avanzate.es\/wp-content\/uploads\/2023\/05\/avanzate-logo-transparente.png","width":857,"height":159,"caption":"Avanzate"},"image":{"@id":"https:\/\/avanzate.es\/pt-pt\/#\/schema\/logo\/image\/"}}]}},"_links":{"self":[{"href":"https:\/\/avanzate.es\/pt-pt\/wp-json\/wp\/v2\/pages\/2475","targetHints":{"allow":["GET"]}}],"collection":[{"href":"https:\/\/avanzate.es\/pt-pt\/wp-json\/wp\/v2\/pages"}],"about":[{"href":"https:\/\/avanzate.es\/pt-pt\/wp-json\/wp\/v2\/types\/page"}],"author":[{"embeddable":true,"href":"https:\/\/avanzate.es\/pt-pt\/wp-json\/wp\/v2\/users\/1"}],"replies":[{"embeddable":true,"href":"https:\/\/avanzate.es\/pt-pt\/wp-json\/wp\/v2\/comments?post=2475"}],"version-history":[{"count":1,"href":"https:\/\/avanzate.es\/pt-pt\/wp-json\/wp\/v2\/pages\/2475\/revisions"}],"predecessor-version":[{"id":2476,"href":"https:\/\/avanzate.es\/pt-pt\/wp-json\/wp\/v2\/pages\/2475\/revisions\/2476"}],"wp:attachment":[{"href":"https:\/\/avanzate.es\/pt-pt\/wp-json\/wp\/v2\/media?parent=2475"}],"curies":[{"name":"wp","href":"https:\/\/api.w.org\/{rel}","templated":true}]}}