{"id":2503,"date":"2022-09-08T10:38:38","date_gmt":"2022-09-08T10:38:38","guid":{"rendered":"https:\/\/avanzate.es\/contacto\/"},"modified":"2025-05-16T08:29:02","modified_gmt":"2025-05-16T08:29:02","slug":"contacto","status":"publish","type":"page","link":"https:\/\/avanzate.es\/pt-pt\/contacto\/","title":{"rendered":"Contacto"},"content":{"rendered":"\t\t<div data-elementor-type=\"wp-page\" data-elementor-id=\"2503\" class=\"elementor elementor-2503 elementor-590\">\n\t\t\t\t\t\t<section class=\"elementor-section elementor-top-section elementor-element elementor-element-6feabc8f elementor-section-boxed elementor-section-height-default elementor-section-height-default sc_gradient_animation_none sc_fly_static\" data-id=\"6feabc8f\" data-element_type=\"section\" data-settings=\"{&quot;background_background&quot;:&quot;gradient&quot;}\">\n\t\t\t\t\t\t\t<div class=\"elementor-background-overlay\"><\/div>\n\t\t\t\t\t\t\t<div class=\"elementor-container elementor-column-gap-extended\">\n\t\t\t\t\t<div class=\"elementor-column elementor-col-100 elementor-top-column elementor-element elementor-element-1492819e sc_inner_width_none sc_content_align_inherit sc_layouts_column_icons_position_left sc_fly_static\" data-id=\"1492819e\" data-element_type=\"column\">\n\t\t\t<div class=\"elementor-widget-wrap elementor-element-populated\">\n\t\t\t\t\t\t<div class=\"elementor-element elementor-element-6e21a442 sc_fly_static elementor-widget elementor-widget-trx_sc_title\" data-id=\"6e21a442\" data-element_type=\"widget\" data-widget_type=\"trx_sc_title.default\">\n\t\t\t\t<div class=\"elementor-widget-container\">\n\t\t\t\t\t<div\t\tclass=\"sc_title sc_title_default\" ><h1 class=\"sc_item_title sc_title_title sc_align_center sc_item_title_style_default sc_item_title_tag trx_addons_inline_362913312\"\n\t\t\t><span class=\"sc_item_title_text\">Contacto<\/span><\/h1><\/div>\t\t\t\t<\/div>\n\t\t\t\t<\/div>\n\t\t\t\t\t<\/div>\n\t\t<\/div>\n\t\t\t\t\t<\/div>\n\t\t<\/section>\n\t\t\t\t<section class=\"elementor-section elementor-top-section elementor-element elementor-element-2643a853 elementor-section-boxed elementor-section-height-default elementor-section-height-default sc_fly_static\" data-id=\"2643a853\" data-element_type=\"section\">\n\t\t\t\t\t\t\t<div class=\"elementor-background-overlay\"><\/div>\n\t\t\t\t\t\t\t<div class=\"elementor-container elementor-column-gap-extended\">\n\t\t\t\t\t<div class=\"elementor-column elementor-col-100 elementor-top-column elementor-element elementor-element-192280bc sc_inner_width_none sc_content_align_inherit sc_layouts_column_icons_position_left sc_fly_static\" data-id=\"192280bc\" data-element_type=\"column\">\n\t\t\t<div class=\"elementor-widget-wrap elementor-element-populated\">\n\t\t\t\t\t\t<div class=\"elementor-element elementor-element-f042e9e sc_height_small sc_layouts_hide_on_notebook sc_layouts_hide_on_tablet sc_layouts_hide_on_mobile sc_fly_static elementor-widget elementor-widget-spacer\" data-id=\"f042e9e\" data-element_type=\"widget\" data-widget_type=\"spacer.default\">\n\t\t\t\t<div class=\"elementor-widget-container\">\n\t\t\t\t\t\t\t<div class=\"elementor-spacer\">\n\t\t\t<div class=\"elementor-spacer-inner\"><\/div>\n\t\t<\/div>\n\t\t\t\t\t\t<\/div>\n\t\t\t\t<\/div>\n\t\t\t\t<section class=\"elementor-section elementor-inner-section elementor-element elementor-element-7ab59bee elementor-section-boxed elementor-section-height-default elementor-section-height-default sc_fly_static\" data-id=\"7ab59bee\" data-element_type=\"section\">\n\t\t\t\t\t\t<div class=\"elementor-container elementor-column-gap-no\">\n\t\t\t\t\t<div class=\"elementor-column elementor-col-33 elementor-inner-column elementor-element elementor-element-1776514 sc_inner_width_none sc_content_align_inherit sc_layouts_column_icons_position_left sc_fly_static\" data-id=\"1776514\" data-element_type=\"column\">\n\t\t\t<div class=\"elementor-widget-wrap elementor-element-populated\">\n\t\t\t\t\t\t<div class=\"elementor-element elementor-element-3c162d68 sc_layouts_hide_on_mobile sc_fly_static elementor-widget elementor-widget-spacer\" data-id=\"3c162d68\" data-element_type=\"widget\" data-widget_type=\"spacer.default\">\n\t\t\t\t<div class=\"elementor-widget-container\">\n\t\t\t\t\t\t\t<div class=\"elementor-spacer\">\n\t\t\t<div class=\"elementor-spacer-inner\"><\/div>\n\t\t<\/div>\n\t\t\t\t\t\t<\/div>\n\t\t\t\t<\/div>\n\t\t\t\t<div class=\"elementor-element elementor-element-192acaf8 sc_fly_static elementor-widget elementor-widget-trx_sc_title\" data-id=\"192acaf8\" data-element_type=\"widget\" data-widget_type=\"trx_sc_title.default\">\n\t\t\t\t<div class=\"elementor-widget-container\">\n\t\t\t\t\t<div\t\tclass=\"sc_title sc_title_default\" ><h2 class=\"sc_item_title sc_title_title sc_item_title_style_default sc_item_title_tag\"\n\t\t\t><span class=\"sc_item_title_text\">Contactos<\/span><\/h2><\/div>\t\t\t\t<\/div>\n\t\t\t\t<\/div>\n\t\t\t\t<div class=\"elementor-element elementor-element-9282999 sc_fly_static elementor-widget elementor-widget-spacer\" data-id=\"9282999\" data-element_type=\"widget\" data-widget_type=\"spacer.default\">\n\t\t\t\t<div class=\"elementor-widget-container\">\n\t\t\t\t\t\t\t<div class=\"elementor-spacer\">\n\t\t\t<div class=\"elementor-spacer-inner\"><\/div>\n\t\t<\/div>\n\t\t\t\t\t\t<\/div>\n\t\t\t\t<\/div>\n\t\t\t\t<div class=\"elementor-element elementor-element-75cac035 sc_fly_static elementor-widget elementor-widget-trx_sc_icons\" data-id=\"75cac035\" data-element_type=\"widget\" data-widget_type=\"trx_sc_icons.default\">\n\t\t\t\t<div class=\"elementor-widget-container\">\n\t\t\t\t\t<div \tclass=\"sc_icons sc_icons_simple sc_icons_size_small sc_align_none\" ><div class=\"sc_icons_item with_more\"><div class=\"sc_icons_icon sc_icon_type_ icon-location-pin\" style=\"color: #41AC34\" ><span class=\"sc_icon_type_ icon-location-pin\" style=\"color: #41AC34\"><\/span><\/div><div class=\"sc_icons_item_details\"><div class=\"sc_icons_item_description\"><span>Parque Cient\u00edfico e Tecnol\u00f3gico de Castilla la Mancha<\/span><span>Research Street. Edificio 2. Oficina 1.21<\/span><span>02006 Albacete (Espanha)  <\/span><\/div><\/div><\/div><div class=\"sc_icons_item with_more\"><div class=\"sc_icons_icon sc_icon_type_ icon-mail\" style=\"color: #41AC34\" ><span class=\"sc_icon_type_ icon-mail\" style=\"color: #41AC34\"><\/span><\/div><div class=\"sc_icons_item_details\"><div class=\"sc_icons_item_description\"><span><a href=\"mailto:info@avanzate.es\">info@avanzate.es<\/a><\/span><\/div><\/div><\/div><div class=\"sc_icons_item\"><div class=\"sc_icons_icon sc_icon_type_ icon-phone\" style=\"color: #41AC34\" ><span class=\"sc_icon_type_ icon-phone\" style=\"color: #41AC34\"><\/span><\/div><div class=\"sc_icons_item_details\"><div class=\"sc_icons_item_description\"><span><a href=\"tel:+34967191791\">+34 967 19 17 91<\/a><\/span><span><\/span><span><a href=\"tel:+34648936398\">+34 648 93 63 98<\/a><\/span><\/div><\/div><\/div><\/div><!-- \/.sc_icons -->\t\t\t\t<\/div>\n\t\t\t\t<\/div>\n\t\t\t\t<div class=\"elementor-element elementor-element-168fa213 sc_fly_static elementor-widget elementor-widget-spacer\" data-id=\"168fa213\" data-element_type=\"widget\" data-widget_type=\"spacer.default\">\n\t\t\t\t<div class=\"elementor-widget-container\">\n\t\t\t\t\t\t\t<div class=\"elementor-spacer\">\n\t\t\t<div class=\"elementor-spacer-inner\"><\/div>\n\t\t<\/div>\n\t\t\t\t\t\t<\/div>\n\t\t\t\t<\/div>\n\t\t\t\t\t<\/div>\n\t\t<\/div>\n\t\t\t\t<div class=\"elementor-column elementor-col-66 elementor-inner-column elementor-element elementor-element-7e9935df sc_inner_width_none sc_content_align_inherit sc_layouts_column_icons_position_left sc_fly_static\" data-id=\"7e9935df\" data-element_type=\"column\">\n\t\t\t<div class=\"elementor-widget-wrap elementor-element-populated\">\n\t\t\t\t\t\t<div class=\"elementor-element elementor-element-312ebac6 sc_fly_static elementor-widget elementor-widget-trx_sc_contact_form_7\" data-id=\"312ebac6\" data-element_type=\"widget\" data-widget_type=\"trx_sc_contact_form_7.default\">\n\t\t\t\t<div class=\"elementor-widget-container\">\n\t\t\t\t\t\n<div class=\"wpcf7 no-js\" id=\"wpcf7-f2551-o1\" lang=\"pt-PT\" dir=\"ltr\" data-wpcf7-id=\"2551\">\n<div class=\"screen-reader-response\"><p role=\"status\" aria-live=\"polite\" aria-atomic=\"true\"><\/p> <ul><\/ul><\/div>\n<form action=\"\/pt-pt\/wp-json\/wp\/v2\/pages\/2503#wpcf7-f2551-o1\" method=\"post\" class=\"wpcf7-form init\" aria-label=\"Formul\u00e1rio de contacto\" novalidate=\"novalidate\" data-status=\"init\">\n<fieldset class=\"hidden-fields-container\"><input type=\"hidden\" name=\"_wpcf7\" value=\"2551\" \/><input type=\"hidden\" name=\"_wpcf7_version\" value=\"6.1.5\" \/><input type=\"hidden\" name=\"_wpcf7_locale\" value=\"pt_PT\" \/><input type=\"hidden\" name=\"_wpcf7_unit_tag\" value=\"wpcf7-f2551-o1\" \/><input type=\"hidden\" name=\"_wpcf7_container_post\" value=\"0\" \/><input type=\"hidden\" name=\"_wpcf7_posted_data_hash\" value=\"\" \/><input type=\"hidden\" name=\"_wpcf7_recaptcha_response\" value=\"\" \/>\n<\/fieldset>\n<p><label> O teu nome<br \/>\n<span class=\"wpcf7-form-control-wrap\" data-name=\"your-name\"><input size=\"40\" maxlength=\"400\" class=\"wpcf7-form-control wpcf7-text wpcf7-validates-as-required\" autocomplete=\"name\" aria-required=\"true\" aria-invalid=\"false\" value=\"\" type=\"text\" name=\"your-name\" \/><\/span> <\/label>\n<\/p>\n<p><label> O teu endere\u00e7o de e-mail<br \/>\n<span class=\"wpcf7-form-control-wrap\" data-name=\"your-email\"><input size=\"40\" maxlength=\"400\" class=\"wpcf7-form-control wpcf7-email wpcf7-validates-as-required wpcf7-text wpcf7-validates-as-email\" autocomplete=\"email\" aria-required=\"true\" aria-invalid=\"false\" value=\"\" type=\"email\" name=\"your-email\" \/><\/span> <\/label>\n<\/p>\n<p><label> Assunto<br \/>\n<span class=\"wpcf7-form-control-wrap\" data-name=\"your-subject\"><input size=\"40\" maxlength=\"400\" class=\"wpcf7-form-control wpcf7-text wpcf7-validates-as-required\" autocomplete=\"subject\" aria-required=\"true\" aria-invalid=\"false\" value=\"\" type=\"text\" name=\"your-subject\" \/><\/span> <\/label>\n<\/p>\n<p><label> A tua mensagem (opcional)<br \/>\n<span class=\"wpcf7-form-control-wrap\" data-name=\"your-message\"><textarea cols=\"40\" rows=\"10\" maxlength=\"2000\" class=\"wpcf7-form-control wpcf7-textarea\" autocomplete=\"on\" aria-invalid=\"false\" name=\"your-message\"><\/textarea><\/span> <\/label>\n<\/p>\n<p><input class=\"wpcf7-form-control wpcf7-submit has-spinner\" type=\"submit\" value=\"Envia\" \/>\n<\/p><div class=\"wpcf7-response-output\" aria-hidden=\"true\"><\/div>\n<\/form>\n<\/div>\n\t\t\t\t<\/div>\n\t\t\t\t<\/div>\n\t\t\t\t\t<\/div>\n\t\t<\/div>\n\t\t\t\t\t<\/div>\n\t\t<\/section>\n\t\t\t\t\t<\/div>\n\t\t<\/div>\n\t\t\t\t\t<\/div>\n\t\t<\/section>\n\t\t\t\t<section class=\"elementor-section elementor-top-section elementor-element elementor-element-46b49e7a elementor-section-full_width elementor-section-height-default elementor-section-height-default sc_fly_static\" data-id=\"46b49e7a\" data-element_type=\"section\">\n\t\t\t\t\t\t<div class=\"elementor-container elementor-column-gap-no\">\n\t\t\t\t\t<div class=\"elementor-column elementor-col-100 elementor-top-column elementor-element elementor-element-255705ac sc_inner_width_none sc_content_align_inherit sc_layouts_column_icons_position_left sc_fly_static\" data-id=\"255705ac\" data-element_type=\"column\">\n\t\t\t<div class=\"elementor-widget-wrap elementor-element-populated\">\n\t\t\t\t\t\t<div class=\"elementor-element elementor-element-38a0abef sc_fly_static elementor-widget elementor-widget-trx_sc_googlemap\" data-id=\"38a0abef\" data-element_type=\"widget\" data-widget_type=\"trx_sc_googlemap.default\">\n\t\t\t\t<div class=\"elementor-widget-container\">\n\t\t\t\t\t<div id=\"sc_googlemap_229438231_wrap\" class=\"sc_googlemap_wrap\"><div id=\"sc_googlemap_229438231\"\t\t\tclass=\"sc_item_content sc_map sc_googlemap sc_googlemap_default sc_googlemap_prevent_scroll trx_addons_inline_1154761479\"\n\t\t\t \t\t\tdata-zoom=\"15\"\n\t\t\tdata-center=\"\"\n\t\t\tdata-style=\"dark\"\n\t\t\tdata-cluster-icon=\"\"\n\t\t\t><iframe\n\t\t\t\t\t\tsrc=\"https:\/\/maps.google.com\/maps?t=m&output=embed&iwloc=near&z=15&q=38.976771946469434%2C+-1.8564929028986341\"\n\t\t\t\t\t\taria-label=\"\"><\/iframe><\/div><\/div>\t\t\t\t<\/div>\n\t\t\t\t<\/div>\n\t\t\t\t\t<\/div>\n\t\t<\/div>\n\t\t\t\t\t<\/div>\n\t\t<\/section>\n\t\t\t\t<\/div>\n\t\t","protected":false},"excerpt":{"rendered":"<p>Contacto Contactos Parque Cient\u00edfico e Tecnol\u00f3gico de Castilla la ManchaResearch Street. Edificio 2. Oficina 1.2102006 Albacete (Espanha) info@avanzate.es+34 967 19 17 91+34 648 93 63 98 O teu nome O&hellip;<\/p>\n","protected":false},"author":4,"featured_media":0,"parent":0,"menu_order":0,"comment_status":"closed","ping_status":"closed","template":"","meta":{"_joinchat":[],"footnotes":""},"class_list":["post-2503","page","type-page","status-publish","hentry"],"yoast_head":"<!-- This site is optimized with the Yoast SEO plugin v27.5 - https:\/\/yoast.com\/product\/yoast-seo-wordpress\/ -->\n<title>Contacto - Avanzate<\/title>\n<meta name=\"description\" content=\"Contacta a Avanzate, leva o teu neg\u00f3cio para a Ind\u00fastria 4.0 gra\u00e7as ao nosso software de controlo de extrus\u00e3o de alum\u00ednio.\" \/>\n<meta name=\"robots\" content=\"index, follow, max-snippet:-1, max-image-preview:large, max-video-preview:-1\" \/>\n<link rel=\"canonical\" href=\"https:\/\/avanzate.es\/pt-pt\/contacto\/\" \/>\n<meta property=\"og:locale\" content=\"pt_PT\" \/>\n<meta property=\"og:type\" content=\"article\" \/>\n<meta property=\"og:title\" content=\"Contacto - Avanzate\" \/>\n<meta property=\"og:description\" content=\"Contacta a Avanzate, leva o teu neg\u00f3cio para a Ind\u00fastria 4.0 gra\u00e7as ao nosso software de controlo de extrus\u00e3o de alum\u00ednio.\" \/>\n<meta property=\"og:url\" content=\"https:\/\/avanzate.es\/pt-pt\/contacto\/\" \/>\n<meta property=\"og:site_name\" content=\"Avanzate\" \/>\n<meta property=\"article:modified_time\" content=\"2025-05-16T08:29:02+00:00\" \/>\n<meta name=\"twitter:card\" content=\"summary_large_image\" \/>\n<meta name=\"twitter:label1\" content=\"Tempo estimado de leitura\" \/>\n\t<meta name=\"twitter:data1\" content=\"1 minuto\" \/>\n<script type=\"application\/ld+json\" class=\"yoast-schema-graph\">{\"@context\":\"https:\\\/\\\/schema.org\",\"@graph\":[{\"@type\":\"WebPage\",\"@id\":\"https:\\\/\\\/avanzate.es\\\/pt-pt\\\/contacto\\\/\",\"url\":\"https:\\\/\\\/avanzate.es\\\/pt-pt\\\/contacto\\\/\",\"name\":\"Contacto - Avanzate\",\"isPartOf\":{\"@id\":\"https:\\\/\\\/avanzate.es\\\/pt-pt\\\/#website\"},\"datePublished\":\"2022-09-08T10:38:38+00:00\",\"dateModified\":\"2025-05-16T08:29:02+00:00\",\"description\":\"Contacta a Avanzate, leva o teu neg\u00f3cio para a Ind\u00fastria 4.0 gra\u00e7as ao nosso software de controlo de extrus\u00e3o de alum\u00ednio.\",\"breadcrumb\":{\"@id\":\"https:\\\/\\\/avanzate.es\\\/pt-pt\\\/contacto\\\/#breadcrumb\"},\"inLanguage\":\"pt-PT\",\"potentialAction\":[{\"@type\":\"ReadAction\",\"target\":[\"https:\\\/\\\/avanzate.es\\\/pt-pt\\\/contacto\\\/\"]}]},{\"@type\":\"BreadcrumbList\",\"@id\":\"https:\\\/\\\/avanzate.es\\\/pt-pt\\\/contacto\\\/#breadcrumb\",\"itemListElement\":[{\"@type\":\"ListItem\",\"position\":1,\"name\":\"P\u00e1gina inicial\",\"item\":\"https:\\\/\\\/avanzate.es\\\/pt-pt\\\/\"},{\"@type\":\"ListItem\",\"position\":2,\"name\":\"Contacto\"}]},{\"@type\":\"WebSite\",\"@id\":\"https:\\\/\\\/avanzate.es\\\/pt-pt\\\/#website\",\"url\":\"https:\\\/\\\/avanzate.es\\\/pt-pt\\\/\",\"name\":\"Avanzate\",\"description\":\"Tecnolog&iacute;a Inform&aacute;tica e Industrial\",\"publisher\":{\"@id\":\"https:\\\/\\\/avanzate.es\\\/pt-pt\\\/#organization\"},\"potentialAction\":[{\"@type\":\"SearchAction\",\"target\":{\"@type\":\"EntryPoint\",\"urlTemplate\":\"https:\\\/\\\/avanzate.es\\\/pt-pt\\\/?s={search_term_string}\"},\"query-input\":{\"@type\":\"PropertyValueSpecification\",\"valueRequired\":true,\"valueName\":\"search_term_string\"}}],\"inLanguage\":\"pt-PT\"},{\"@type\":\"Organization\",\"@id\":\"https:\\\/\\\/avanzate.es\\\/pt-pt\\\/#organization\",\"name\":\"Avanzate\",\"url\":\"https:\\\/\\\/avanzate.es\\\/pt-pt\\\/\",\"logo\":{\"@type\":\"ImageObject\",\"inLanguage\":\"pt-PT\",\"@id\":\"https:\\\/\\\/avanzate.es\\\/pt-pt\\\/#\\\/schema\\\/logo\\\/image\\\/\",\"url\":\"https:\\\/\\\/avanzate.es\\\/wp-content\\\/uploads\\\/2023\\\/05\\\/avanzate-logo-transparente.png\",\"contentUrl\":\"https:\\\/\\\/avanzate.es\\\/wp-content\\\/uploads\\\/2023\\\/05\\\/avanzate-logo-transparente.png\",\"width\":857,\"height\":159,\"caption\":\"Avanzate\"},\"image\":{\"@id\":\"https:\\\/\\\/avanzate.es\\\/pt-pt\\\/#\\\/schema\\\/logo\\\/image\\\/\"}}]}<\/script>\n<!-- \/ Yoast SEO plugin. -->","yoast_head_json":{"title":"Contacto - Avanzate","description":"Contacta a Avanzate, leva o teu neg\u00f3cio para a Ind\u00fastria 4.0 gra\u00e7as ao nosso software de controlo de extrus\u00e3o de alum\u00ednio.","robots":{"index":"index","follow":"follow","max-snippet":"max-snippet:-1","max-image-preview":"max-image-preview:large","max-video-preview":"max-video-preview:-1"},"canonical":"https:\/\/avanzate.es\/pt-pt\/contacto\/","og_locale":"pt_PT","og_type":"article","og_title":"Contacto - Avanzate","og_description":"Contacta a Avanzate, leva o teu neg\u00f3cio para a Ind\u00fastria 4.0 gra\u00e7as ao nosso software de controlo de extrus\u00e3o de alum\u00ednio.","og_url":"https:\/\/avanzate.es\/pt-pt\/contacto\/","og_site_name":"Avanzate","article_modified_time":"2025-05-16T08:29:02+00:00","twitter_card":"summary_large_image","twitter_misc":{"Tempo estimado de leitura":"1 minuto"},"schema":{"@context":"https:\/\/schema.org","@graph":[{"@type":"WebPage","@id":"https:\/\/avanzate.es\/pt-pt\/contacto\/","url":"https:\/\/avanzate.es\/pt-pt\/contacto\/","name":"Contacto - Avanzate","isPartOf":{"@id":"https:\/\/avanzate.es\/pt-pt\/#website"},"datePublished":"2022-09-08T10:38:38+00:00","dateModified":"2025-05-16T08:29:02+00:00","description":"Contacta a Avanzate, leva o teu neg\u00f3cio para a Ind\u00fastria 4.0 gra\u00e7as ao nosso software de controlo de extrus\u00e3o de alum\u00ednio.","breadcrumb":{"@id":"https:\/\/avanzate.es\/pt-pt\/contacto\/#breadcrumb"},"inLanguage":"pt-PT","potentialAction":[{"@type":"ReadAction","target":["https:\/\/avanzate.es\/pt-pt\/contacto\/"]}]},{"@type":"BreadcrumbList","@id":"https:\/\/avanzate.es\/pt-pt\/contacto\/#breadcrumb","itemListElement":[{"@type":"ListItem","position":1,"name":"P\u00e1gina inicial","item":"https:\/\/avanzate.es\/pt-pt\/"},{"@type":"ListItem","position":2,"name":"Contacto"}]},{"@type":"WebSite","@id":"https:\/\/avanzate.es\/pt-pt\/#website","url":"https:\/\/avanzate.es\/pt-pt\/","name":"Avanzate","description":"Tecnolog&iacute;a Inform&aacute;tica e Industrial","publisher":{"@id":"https:\/\/avanzate.es\/pt-pt\/#organization"},"potentialAction":[{"@type":"SearchAction","target":{"@type":"EntryPoint","urlTemplate":"https:\/\/avanzate.es\/pt-pt\/?s={search_term_string}"},"query-input":{"@type":"PropertyValueSpecification","valueRequired":true,"valueName":"search_term_string"}}],"inLanguage":"pt-PT"},{"@type":"Organization","@id":"https:\/\/avanzate.es\/pt-pt\/#organization","name":"Avanzate","url":"https:\/\/avanzate.es\/pt-pt\/","logo":{"@type":"ImageObject","inLanguage":"pt-PT","@id":"https:\/\/avanzate.es\/pt-pt\/#\/schema\/logo\/image\/","url":"https:\/\/avanzate.es\/wp-content\/uploads\/2023\/05\/avanzate-logo-transparente.png","contentUrl":"https:\/\/avanzate.es\/wp-content\/uploads\/2023\/05\/avanzate-logo-transparente.png","width":857,"height":159,"caption":"Avanzate"},"image":{"@id":"https:\/\/avanzate.es\/pt-pt\/#\/schema\/logo\/image\/"}}]}},"_links":{"self":[{"href":"https:\/\/avanzate.es\/pt-pt\/wp-json\/wp\/v2\/pages\/2503","targetHints":{"allow":["GET"]}}],"collection":[{"href":"https:\/\/avanzate.es\/pt-pt\/wp-json\/wp\/v2\/pages"}],"about":[{"href":"https:\/\/avanzate.es\/pt-pt\/wp-json\/wp\/v2\/types\/page"}],"author":[{"embeddable":true,"href":"https:\/\/avanzate.es\/pt-pt\/wp-json\/wp\/v2\/users\/4"}],"replies":[{"embeddable":true,"href":"https:\/\/avanzate.es\/pt-pt\/wp-json\/wp\/v2\/comments?post=2503"}],"version-history":[{"count":5,"href":"https:\/\/avanzate.es\/pt-pt\/wp-json\/wp\/v2\/pages\/2503\/revisions"}],"predecessor-version":[{"id":2617,"href":"https:\/\/avanzate.es\/pt-pt\/wp-json\/wp\/v2\/pages\/2503\/revisions\/2617"}],"wp:attachment":[{"href":"https:\/\/avanzate.es\/pt-pt\/wp-json\/wp\/v2\/media?parent=2503"}],"curies":[{"name":"wp","href":"https:\/\/api.w.org\/{rel}","templated":true}]}}